{"id":1265,"date":"2021-05-28T08:16:33","date_gmt":"2021-05-28T08:16:33","guid":{"rendered":"https:\/\/artforlife.es\/?page_id=1265"},"modified":"2021-06-23T07:31:11","modified_gmt":"2021-06-23T07:31:11","slug":"cookies-policy","status":"publish","type":"page","link":"https:\/\/artforlife.es\/en\/cookies-policy\/","title":{"rendered":"Cookies policy"},"content":{"rendered":"<div class=\"vc_row wpb_row vc_row-fluid\"><div class=\"caja wpb_column vc_column_container vc_col-sm-10 vc_col-lg-10\"><div class=\"vc_column-inner\"><div class=\"wpb_wrapper\">\n\t<div class=\"wpb_text_column wpb_content_element\" >\n\t\t<div class=\"wpb_wrapper\">\n\t\t\t<h1>COOKIES POLICY<\/h1>\n\n\t\t<\/div>\n\t<\/div>\n<\/div><\/div><\/div><\/div><div class=\"vc_row wpb_row vc_row-fluid texto_about_peque\"><div class=\"wpb_column vc_column_container vc_col-sm-12 vc_col-lg-12\"><div class=\"vc_column-inner\"><div class=\"wpb_wrapper\">\n\t<div class=\"wpb_text_column wpb_content_element\" >\n\t\t<div class=\"wpb_wrapper\">\n\t\t\t<p class=\"p3\">Current regulations require us to inform you about what cookies are. No sugar or additives.<\/p>\n<p class=\"p3\">This website uses its own and third party cookies to provide you with a better browsing experience, share content on social networks and to obtain user statistics.<\/p>\n<p class=\"p3 translation-block\">You can prevent cookies from being downloaded by <b>blocking <\/b>them using the appropriate settings on your browser, thus preventing cookies from being stored on your hard drive<\/p>\n<p class=\"p3\">We do not use any personal information from cookies, only general statistics of visits that in no case refer to any personal information.<span class=\"s2\">.<\/span><\/p>\n<p>&nbsp;<\/p>\n<p class=\"p3\"><b>What are cookies?<\/b><\/p>\n<p class=\"p4\">A cookie is a small piece of text that the websites you visit send to your browser that allows the website to remember information about your visit, such as your preferred language and other options, in order to facilitate your next visit and make the site more useful to you. Cookies play a very important role and contribute to a better browsing experience for the user.<\/p>\n<p>&nbsp;<\/p>\n<p class=\"p5\"><b>How can you delete cookies?<\/b><\/p>\n<p class=\"p5\">You can restrict, block or delete cookies from our website or any other website using your browser. In each browser the operation is different:<\/p>\n<p class=\"p6\"><span class=\"s1\">Google Chrome (in the Tools Menu).<\/span><\/p>\n<p class=\"p6\">Settings&gt;Show advanced options&gt;Privacy (Content Settings)&gt;Cookies<\/p>\n<p class=\"p6\">More information: <a href=\"https:\/\/support.google.com\/chrome\/answer\/95647?hl=es\"><span class=\"s1\">https:\/\/support.google.com\/chrome\/answer\/95647?hl=es<\/span><\/a><\/p>\n<p class=\"p8\"><span class=\"s1\">Microsoft Internet Explorer (en el Men\u00fa Herramientas)<\/span><\/p>\n<p class=\"p8\">Opciones de Internet&gt;Privacidad&gt;Avanzada<\/p>\n<p class=\"p8\">More information: <a href=\"http:\/\/windows.microsoft.com\/es-es\/internet-explorer\/delete-manage-cookies%23ie=ie-9\"><span class=\"s1\">http:\/\/windows.microsoft.com\/es-es\/internet-explorer\/delete-manage-cookies#ie=ie-9<\/span><\/a><\/p>\n<p class=\"p8\"><span class=\"s1\">Firefox<\/span><\/p>\n<p class=\"p8\">Internet Options&gt;Privacy&gt;Privacy&gt;Advanced<\/p>\n<p class=\"p8\">More information: <a href=\"http:\/\/support.mozilla.org\/es\/kb\/habilitar-y-deshabilitar-coolies-que-los-sitios-we\"><span class=\"s1\">http:\/\/support.mozilla.org\/es\/kb\/habilitar-y-deshabilitar-coolies-que-los-sitios-we<\/span><\/a><\/p>\n<p class=\"p8\"><span class=\"s1\">Safari,iPad and iPhone<\/span><\/p>\n<p class=\"p8\">Preferences&gt;Privacy<\/p>\n<p class=\"p8\">More information: <a href=\"http:\/\/www.apple.com\/es\/privacy\/use-of-cookies\/\"><span class=\"s1\">http:\/\/www.apple.com\/es\/privacy\/use-of-cookies\/<\/span><\/a><\/p>\n<p class=\"p8\"><span class=\"s1\">Opera<\/span><\/p>\n<p class=\"p8\">Settings&gt;Options&gt;Advanced&gt;Cookies<\/p>\n<p class=\"p8\">More information: <a href=\"http:\/\/help.opera.com\/Linux\/10.60\/es-ES\/cookies.html\"><span class=\"s1\">http:\/\/help.opera.com\/Linux\/10.60\/es-ES\/cookies.html<\/span><\/a><\/p>\n<p>&nbsp;<\/p>\n<p class=\"p11\"><b>Important warning about cookies<\/b><\/p>\n<p class=\"p3\">Considering the way the Internet and websites work, we do not always have information about cookies that third parties may use through our website.<\/p>\n<p class=\"p3\">This applies especially to cases where our website contains embedded elements: i.e. texts, documents, images or short movies that are stored elsewhere, but are displayed on or through our website.<\/p>\n<p>&nbsp;<\/p>\n<p class=\"p12\"><b>\u00a0What cookies does this website use?<\/b><\/p>\n<p>&nbsp;<\/p>\n<p class=\"p13\"><b>First-party cookies:<span class=\"Apple-converted-space\">\u00a0<\/span><\/b><\/p>\n<p class=\"p13\"><b>We use own cookies, session cookies, for technical purposes. These cookies allow the user to navigate through the website and use different options and services that exist on it.<\/b><\/p>\n<p class=\"p3\"><b>Third-party cookies:<\/b><\/p>\n<p class=\"p14 translation-block\">This website uses Google Analytics, a web analytics service provided by Google, Inc, a Delaware company whose principal office is at 1600 Amphitheatre Parkway, Mountain View (California), CA 94043, United States (\"Google\").<\/p>\n<p class=\"p4\">Through web analytics, information is obtained regarding the number of users accessing the website, the number of pages viewed, the frequency and repetition of visits, their duration, the browser used, the operator providing the service, the language, the terminal used and the city to which your IP address is assigned. Information that enables a better and more appropriate service by this portal.<\/p>\n<p class=\"p5\">To ensure anonymity, Google will anonymize your information by truncating the IP address before storing it, so that Google Analytics is not used to locate or collect personally identifiable information about visitors to the site. Google may only send the information collected by Google Analytics to third parties where it is legally obliged to do so. Under the terms of service of Google Analytics, Google will not associate your IP address with any other data held by Google.<\/p>\n<p>&nbsp;<\/p>\n<p class=\"p16\"><b>Social media cookies<\/b><\/p>\n<p class=\"p16\">Cookies from social networks can be stored in your browser while you browse our website, for example, when you use the button to share content from our website on a social network.<b>\u00a0<\/b><\/p>\n<p class=\"p4\">The companies that generate these cookies corresponding to the social networks used by this website have their own cookie policies.<\/p>\n<ul class=\"ul1\">\n<li class=\"li17 translation-block\">Twitter cookies, as provided in its <a href=\"https:\/\/twitter.com\/privacy\" target=\"_self\">privacy policy and use of cookies<\/a>https:\/\/help.twitter.com\/es\/rules-and-policies\/twitter-cookies<\/li>\n<li class=\"li17 translation-block\">Cookies from Facebook, as provided in its Cookies Policy https:\/\/es-es.facebook.com\/policies\/cookies\/<\/li>\n<li class=\"li17\"><span class=\"s5\">Linkedin cookies, as set out in its privacy policy and use of cookies https:\/\/www.linkedin.com\/legal\/cookie-policy?_l=es_ES <a href=\"https:\/\/www.linkedin.com\/legal\/cookie-policy?_l=es_ES\"><span class=\"s1\">https:\/\/www.linkedin.com\/legal\/cookie-policy?_l=es_ES<\/span><\/a><\/span><\/li>\n<li class=\"li18 translation-block\">Google cookies, as provided in its privacy policy and use of cookies https:\/\/policies.google.com\/technologies\/cookies?hl=es-419<\/li>\n<\/ul>\n<p class=\"p3\">If you wish to have greater control over the installation of cookies, you can install programs or add-ons to your browser, known as \"Do Not Track\" tools, which will allow you to choose which cookies you want to allow.<\/p>\n\n\t\t<\/div>\n\t<\/div>\n<\/div><\/div><\/div><\/div>","protected":false},"excerpt":{"rendered":"Pol\u00edtica de Cookies La normativa actual nos obliga a informarte de qu\u00e9 son las cookies. Sin az\u00facar ni aditivos. Esta web utiliza cookies propias y de terceros para proporcionarte una mejor experiencia de navegaci\u00f3n, compartir contenido en redes sociales y para obtener estad\u00edsticas de usuarios. Puedes evitar la descarga de cookies\u00a0bloque\u00e1ndolas\u00a0mediante la configuraci\u00f3n apropiada de [...]","protected":false},"author":1,"featured_media":0,"parent":0,"menu_order":0,"comment_status":"closed","ping_status":"closed","template":"","meta":{"footnotes":""},"class_list":["post-1265","page","type-page","status-publish","hentry"],"yoast_head":"<!-- This site is optimized with the Yoast SEO plugin v27.5 - https:\/\/yoast.com\/product\/yoast-seo-wordpress\/ -->\n<title>Pol\u00edtica de cookies - Art for life!<\/title>\n<meta name=\"robots\" content=\"index, follow, max-snippet:-1, max-image-preview:large, max-video-preview:-1\" \/>\n<link rel=\"canonical\" href=\"https:\/\/artforlife.es\/en\/cookies-policy\/\" \/>\n<meta property=\"og:locale\" content=\"en_GB\" \/>\n<meta property=\"og:type\" content=\"article\" \/>\n<meta property=\"og:title\" content=\"Pol\u00edtica de cookies - Art for life!\" \/>\n<meta property=\"og:url\" content=\"https:\/\/artforlife.es\/en\/cookies-policy\/\" \/>\n<meta property=\"og:site_name\" content=\"Art for life!\" \/>\n<meta property=\"article:modified_time\" content=\"2021-06-23T07:31:11+00:00\" \/>\n<meta name=\"twitter:card\" content=\"summary_large_image\" \/>\n<meta name=\"twitter:site\" content=\"@mirenlauzirika\" \/>\n<meta name=\"twitter:label1\" content=\"Estimated reading time\" \/>\n\t<meta name=\"twitter:data1\" content=\"4 minutes\" \/>\n<script type=\"application\/ld+json\" class=\"yoast-schema-graph\">{\"@context\":\"https:\\\/\\\/schema.org\",\"@graph\":[{\"@type\":\"WebPage\",\"@id\":\"https:\\\/\\\/artforlife.es\\\/es\\\/politica-cookies\\\/\",\"url\":\"https:\\\/\\\/artforlife.es\\\/es\\\/politica-cookies\\\/\",\"name\":\"Pol\u00edtica de cookies - Art for life!\",\"isPartOf\":{\"@id\":\"https:\\\/\\\/artforlife.es\\\/es\\\/#website\"},\"datePublished\":\"2021-05-28T08:16:33+00:00\",\"dateModified\":\"2021-06-23T07:31:11+00:00\",\"breadcrumb\":{\"@id\":\"https:\\\/\\\/artforlife.es\\\/es\\\/politica-cookies\\\/#breadcrumb\"},\"inLanguage\":\"en-GB\",\"potentialAction\":[{\"@type\":\"ReadAction\",\"target\":[\"https:\\\/\\\/artforlife.es\\\/es\\\/politica-cookies\\\/\"]}]},{\"@type\":\"BreadcrumbList\",\"@id\":\"https:\\\/\\\/artforlife.es\\\/es\\\/politica-cookies\\\/#breadcrumb\",\"itemListElement\":[{\"@type\":\"ListItem\",\"position\":1,\"name\":\"Portada\",\"item\":\"https:\\\/\\\/artforlife.es\\\/\"},{\"@type\":\"ListItem\",\"position\":2,\"name\":\"Pol\u00edtica de cookies\"}]},{\"@type\":\"WebSite\",\"@id\":\"https:\\\/\\\/artforlife.es\\\/es\\\/#website\",\"url\":\"https:\\\/\\\/artforlife.es\\\/es\\\/\",\"name\":\"Art for life!\",\"description\":\"Consultor\u00eda creativa y formaci\u00f3n\",\"publisher\":{\"@id\":\"https:\\\/\\\/artforlife.es\\\/es\\\/#organization\"},\"potentialAction\":[{\"@type\":\"SearchAction\",\"target\":{\"@type\":\"EntryPoint\",\"urlTemplate\":\"https:\\\/\\\/artforlife.es\\\/es\\\/?s={search_term_string}\"},\"query-input\":{\"@type\":\"PropertyValueSpecification\",\"valueRequired\":true,\"valueName\":\"search_term_string\"}}],\"inLanguage\":\"en-GB\"},{\"@type\":\"Organization\",\"@id\":\"https:\\\/\\\/artforlife.es\\\/es\\\/#organization\",\"name\":\"Art for Life!\",\"url\":\"https:\\\/\\\/artforlife.es\\\/es\\\/\",\"logo\":{\"@type\":\"ImageObject\",\"inLanguage\":\"en-GB\",\"@id\":\"https:\\\/\\\/artforlife.es\\\/es\\\/#\\\/schema\\\/logo\\\/image\\\/\",\"url\":\"https:\\\/\\\/artforlife.es\\\/wp-content\\\/uploads\\\/2021\\\/04\\\/cropped-A.png\",\"contentUrl\":\"https:\\\/\\\/artforlife.es\\\/wp-content\\\/uploads\\\/2021\\\/04\\\/cropped-A.png\",\"width\":512,\"height\":512,\"caption\":\"Art for Life!\"},\"image\":{\"@id\":\"https:\\\/\\\/artforlife.es\\\/es\\\/#\\\/schema\\\/logo\\\/image\\\/\"},\"sameAs\":[\"https:\\\/\\\/x.com\\\/mirenlauzirika\",\"https:\\\/\\\/www.instagram.com\\\/miren_lauzirika\\\/\",\"https:\\\/\\\/www.linkedin.com\\\/in\\\/mirenlauzirika\\\/\"]}]}<\/script>\n<!-- \/ Yoast SEO plugin. -->","yoast_head_json":{"title":"Cookies policy - Art for life!","robots":{"index":"index","follow":"follow","max-snippet":"max-snippet:-1","max-image-preview":"max-image-preview:large","max-video-preview":"max-video-preview:-1"},"canonical":"https:\/\/artforlife.es\/en\/cookies-policy\/","og_locale":"en_GB","og_type":"article","og_title":"Pol\u00edtica de cookies - Art for life!","og_url":"https:\/\/artforlife.es\/en\/cookies-policy\/","og_site_name":"Art for life!","article_modified_time":"2021-06-23T07:31:11+00:00","twitter_card":"summary_large_image","twitter_site":"@mirenlauzirika","twitter_misc":{"Estimated reading time":"4 minutes"},"schema":{"@context":"https:\/\/schema.org","@graph":[{"@type":"WebPage","@id":"https:\/\/artforlife.es\/es\/politica-cookies\/","url":"https:\/\/artforlife.es\/es\/politica-cookies\/","name":"Cookies policy - Art for life!","isPartOf":{"@id":"https:\/\/artforlife.es\/es\/#website"},"datePublished":"2021-05-28T08:16:33+00:00","dateModified":"2021-06-23T07:31:11+00:00","breadcrumb":{"@id":"https:\/\/artforlife.es\/es\/politica-cookies\/#breadcrumb"},"inLanguage":"en-GB","potentialAction":[{"@type":"ReadAction","target":["https:\/\/artforlife.es\/es\/politica-cookies\/"]}]},{"@type":"BreadcrumbList","@id":"https:\/\/artforlife.es\/es\/politica-cookies\/#breadcrumb","itemListElement":[{"@type":"ListItem","position":1,"name":"Portada","item":"https:\/\/artforlife.es\/"},{"@type":"ListItem","position":2,"name":"Pol\u00edtica de cookies"}]},{"@type":"WebSite","@id":"https:\/\/artforlife.es\/es\/#website","url":"https:\/\/artforlife.es\/es\/","name":"Art for life!","description":"Consultor\u00eda creativa y formaci\u00f3n","publisher":{"@id":"https:\/\/artforlife.es\/es\/#organization"},"potentialAction":[{"@type":"SearchAction","target":{"@type":"EntryPoint","urlTemplate":"https:\/\/artforlife.es\/es\/?s={search_term_string}"},"query-input":{"@type":"PropertyValueSpecification","valueRequired":true,"valueName":"search_term_string"}}],"inLanguage":"en-GB"},{"@type":"Organization","@id":"https:\/\/artforlife.es\/es\/#organization","name":"Art for Life","url":"https:\/\/artforlife.es\/es\/","logo":{"@type":"ImageObject","inLanguage":"en-GB","@id":"https:\/\/artforlife.es\/es\/#\/schema\/logo\/image\/","url":"https:\/\/artforlife.es\/wp-content\/uploads\/2021\/04\/cropped-A.png","contentUrl":"https:\/\/artforlife.es\/wp-content\/uploads\/2021\/04\/cropped-A.png","width":512,"height":512,"caption":"Art for Life!"},"image":{"@id":"https:\/\/artforlife.es\/es\/#\/schema\/logo\/image\/"},"sameAs":["https:\/\/x.com\/mirenlauzirika","https:\/\/www.instagram.com\/miren_lauzirika\/","https:\/\/www.linkedin.com\/in\/mirenlauzirika\/"]}]}},"_links":{"self":[{"href":"https:\/\/artforlife.es\/en\/wp-json\/wp\/v2\/pages\/1265","targetHints":{"allow":["GET"]}}],"collection":[{"href":"https:\/\/artforlife.es\/en\/wp-json\/wp\/v2\/pages"}],"about":[{"href":"https:\/\/artforlife.es\/en\/wp-json\/wp\/v2\/types\/page"}],"author":[{"embeddable":true,"href":"https:\/\/artforlife.es\/en\/wp-json\/wp\/v2\/users\/1"}],"replies":[{"embeddable":true,"href":"https:\/\/artforlife.es\/en\/wp-json\/wp\/v2\/comments?post=1265"}],"version-history":[{"count":3,"href":"https:\/\/artforlife.es\/en\/wp-json\/wp\/v2\/pages\/1265\/revisions"}],"predecessor-version":[{"id":1393,"href":"https:\/\/artforlife.es\/en\/wp-json\/wp\/v2\/pages\/1265\/revisions\/1393"}],"wp:attachment":[{"href":"https:\/\/artforlife.es\/en\/wp-json\/wp\/v2\/media?parent=1265"}],"curies":[{"name":"wp","href":"https:\/\/api.w.org\/{rel}","templated":true}]}}