{"id":217,"date":"2021-03-25T14:17:18","date_gmt":"2021-03-25T14:17:18","guid":{"rendered":"https:\/\/artforlife.es\/?page_id=217"},"modified":"2025-02-26T07:27:23","modified_gmt":"2025-02-26T07:27:23","slug":"participatory-methodologies","status":"publish","type":"page","link":"https:\/\/artforlife.es\/en\/participatory-methodologies\/","title":{"rendered":"Benefits"},"content":{"rendered":"<div class=\"vc_row wpb_row vc_row-fluid\"><div class=\"caja wpb_column vc_column_container vc_col-sm-12 vc_col-lg-12\"><div class=\"vc_column-inner\"><div class=\"wpb_wrapper\">\n\t<div class=\"wpb_text_column wpb_content_element\" >\n\t\t<div class=\"wpb_wrapper\">\n\t\t\t<h2><strong>METHODOLOGIES<\/strong><\/h2>\n\n\t\t<\/div>\n\t<\/div>\n\n\t<div  class=\"wpb_single_image wpb_content_element vc_align_left   mancha_titulo\">\n\t\t\n\t\t<figure class=\"wpb_wrapper vc_figure\">\n\t\t\t<div class=\"vc_single_image-wrapper   vc_box_border_grey\"><img decoding=\"async\" width=\"326\" height=\"60\" data-src=\"https:\/\/artforlife.es\/wp-content\/uploads\/2021\/03\/mancha_azul3.jpg\" class=\"vc_single_image-img attachment-full lazyload\" alt=\"\" data-srcset=\"https:\/\/artforlife.es\/wp-content\/uploads\/2021\/03\/mancha_azul3.jpg 326w, https:\/\/artforlife.es\/wp-content\/uploads\/2021\/03\/mancha_azul3-300x55.jpg 300w, https:\/\/artforlife.es\/wp-content\/uploads\/2021\/03\/mancha_azul3-16x3.jpg 16w\" data-sizes=\"(max-width: 326px) 100vw, 326px\" src=\"data:image\/svg+xml;base64,PHN2ZyB3aWR0aD0iMSIgaGVpZ2h0PSIxIiB4bWxucz0iaHR0cDovL3d3dy53My5vcmcvMjAwMC9zdmciPjwvc3ZnPg==\" style=\"--smush-placeholder-width: 326px; --smush-placeholder-aspect-ratio: 326\/60;\" \/><\/div>\n\t\t<\/figure>\n\t<\/div>\n\n\t<div class=\"wpb_text_column wpb_content_element\" >\n\t\t<div class=\"wpb_wrapper\">\n\t\t\t<h1>What are the benefits of participatory methodologies?<\/h1>\n\n\t\t<\/div>\n\t<\/div>\n<\/div><\/div><\/div><\/div><div class=\"vc_row wpb_row vc_row-fluid pordebajo\"><div class=\"wpb_column vc_column_container vc_col-sm-7 vc_col-lg-5 vc_col-md-5\"><div class=\"vc_column-inner\"><div class=\"wpb_wrapper\">\n\t<div class=\"wpb_text_column wpb_content_element\" >\n\t\t<div class=\"wpb_wrapper\">\n\t\t\t<p class=\"translation-block\">Using participatory methodologies in organizations triggers the creative potential and the ability to decide because they <strong>unite creative with rational thinking. <\/strong><\/p>\n<p class=\"translation-block\"><strong>Make the most of time: <\/strong>With these methodologies, the group moves forward while\nawakens <strong>motivation and meaningful learning<\/strong>.<\/p>\n<p class=\"translation-block\">Allows people to contribute what they know. Through key questions, it also brings to the surface the <strong>unknown unknowns<\/strong> of the team, a <strong>crucial awareness<\/strong> to <strong>evolve.<\/strong><\/p>\n<p>A context of <strong>exchange of experiences<\/strong> and information is generated: shared and deep knowledge.<\/p>\n<p class=\"translation-block\">And this in turn brings another benefit.  Create and strengthen <strong>interpersonal relationships: <\/strong>As the work dynamics are oriented to unite the creative with the rational, this \"aha!\u201d<strong> generates complicity <\/strong>and involvement.  Because steps are taken on important issues in a pleasant way, and mutual listening is a reality.<\/p>\n\n\t\t<\/div>\n\t<\/div>\n<\/div><\/div><\/div><div class=\"top_veinte wpb_column vc_column_container vc_col-sm-4 vc_col-lg-offset-1 vc_col-lg-5 vc_col-md-offset-1 vc_col-md-5 vc_col-sm-offset-1\"><div class=\"vc_column-inner\"><div class=\"wpb_wrapper\"><figure class=\"caja\"><img decoding=\"async\" data-src=\"https:\/\/artforlife.es\/wp-content\/uploads\/2021\/04\/016_Art-for-life-Miren-Lauzirika-metodologias-participativas.jpg\" alt=\"\" src=\"data:image\/svg+xml;base64,PHN2ZyB3aWR0aD0iMSIgaGVpZ2h0PSIxIiB4bWxucz0iaHR0cDovL3d3dy53My5vcmcvMjAwMC9zdmciPjwvc3ZnPg==\" class=\"lazyload\" style=\"--smush-placeholder-width: 1080px; --smush-placeholder-aspect-ratio: 1080\/1080;\" \/><figcaption><\/figcaption><\/figure>\n\t<div class=\"wpb_text_column wpb_content_element  contacto herramientas_contacto\" >\n\t\t<div class=\"wpb_wrapper\">\n\t\t\t<h2 style=\"text-align: center;\">Contact<br \/>\nArt for Life<\/h2>\n\n\t\t<\/div>\n\t<\/div>\n\n\t<div class=\"wpb_raw_code wpb_content_element wpb_raw_html beneficios_dibujo_uno\" >\n\t\t<div class=\"wpb_wrapper\">\n\t\t\t<svg  viewbox=\"0 0 500 150\">\n  <path stroke-linecap=\"round\" stroke-linejoin=\"round\" class=\"st0\" d=\"M373.08,34.63a1008.61,1008.61,0,0,0-174.93-15.2c-56.52,0-115,5.37-164.59,32.47C17.67,60.59,1,76.26,5.74,93.75c4.3,15.88,23.25,22,39.41,25.06a994.77,994.77,0,0,0,294.61,12c34.69-3.77,69.51-9.46,101.89-22.46,17.57-7,35.13-17,44.65-33.37,4.27-7.35,6.72-16.19,4.62-24.43-4.68-18.35-27.41-24.22-46.22-26.43A1576,1576,0,0,0,161,16.52\"\/>\n<\/svg>\n\t\t<\/div>\n\t<\/div>\n<\/div><\/div><\/div><\/div><div class=\"vc_row wpb_row vc_row-fluid tres_columnas svg_bene_uno\"><div class=\"sin_padding caja_img wpb_column vc_column_container vc_col-sm-4 vc_col-lg-4 vc_hidden-xs\"><div class=\"vc_column-inner\"><div class=\"wpb_wrapper\"><figure class=\"\"><img decoding=\"async\" data-src=\"https:\/\/artforlife.es\/wp-content\/uploads\/2021\/04\/017-Art-for-life-Miren-Lauzirika-metodologias-participativas-ambiente-cohesion-.jpg\" alt=\"\" src=\"data:image\/svg+xml;base64,PHN2ZyB3aWR0aD0iMSIgaGVpZ2h0PSIxIiB4bWxucz0iaHR0cDovL3d3dy53My5vcmcvMjAwMC9zdmciPjwvc3ZnPg==\" class=\"lazyload\" style=\"--smush-placeholder-width: 904px; --smush-placeholder-aspect-ratio: 904\/791;\" \/><figcaption><\/figcaption><\/figure><\/div><\/div><\/div><div class=\"sin_padding caja_img wpb_column vc_column_container vc_col-sm-4\"><div class=\"vc_column-inner\"><div class=\"wpb_wrapper\"><figure class=\"\"><img decoding=\"async\" data-src=\"https:\/\/artforlife.es\/wp-content\/uploads\/2021\/04\/017-Art-for-life-Miren-Lauzirika-metodologias-participativas-ambiente-cohesion-b2.jpg\" alt=\"\" src=\"data:image\/svg+xml;base64,PHN2ZyB3aWR0aD0iMSIgaGVpZ2h0PSIxIiB4bWxucz0iaHR0cDovL3d3dy53My5vcmcvMjAwMC9zdmciPjwvc3ZnPg==\" class=\"lazyload\" style=\"--smush-placeholder-width: 903px; --smush-placeholder-aspect-ratio: 903\/791;\" \/><figcaption><\/figcaption><\/figure><\/div><\/div><\/div><div class=\"sin_padding caja_img wpb_column vc_column_container vc_col-sm-4\"><div class=\"vc_column-inner\"><div class=\"wpb_wrapper\"><figure class=\"\"><img decoding=\"async\" data-src=\"https:\/\/artforlife.es\/wp-content\/uploads\/2025\/02\/018Art-for-life-Miren-Lauzirika-metodologias-participativas-talento.jpg\" alt=\"\" src=\"data:image\/svg+xml;base64,PHN2ZyB3aWR0aD0iMSIgaGVpZ2h0PSIxIiB4bWxucz0iaHR0cDovL3d3dy53My5vcmcvMjAwMC9zdmciPjwvc3ZnPg==\" class=\"lazyload\" style=\"--smush-placeholder-width: 903px; --smush-placeholder-aspect-ratio: 903\/791;\" \/><figcaption><\/figcaption><\/figure><\/div><\/div><\/div><\/div><div class=\"vc_row wpb_row vc_row-fluid vc_row-o-content-middle vc_row-flex\"><div class=\"wpb_column vc_column_container vc_col-sm-3 vc_col-lg-offset-0 vc_col-lg-3\"><div class=\"vc_column-inner\"><div class=\"wpb_wrapper\">\n\t<div class=\"wpb_text_column wpb_content_element\" >\n\t\t<div class=\"wpb_wrapper\">\n\t\t\t<h2><strong>As important<br>as \"what\" is  \"how\".<\/strong><\/h2>\n\n\t\t<\/div>\n\t<\/div>\n\n\t<div class=\"wpb_raw_code wpb_content_element wpb_raw_html beneficios_dibujo_dos\" >\n\t\t<div class=\"wpb_wrapper\">\n\t\t\t<svg  viewbox=\"0 0 170 15\">\n  <path stroke-linecap=\"round\" stroke-linejoin=\"round\" class=\"st0\" d=\"M3.28,8.45C57.71,6.29,112.53,6.74,166.81,9.78\"\/>\n<\/svg>\n\t\t<\/div>\n\t<\/div>\n<\/div><\/div><\/div><div class=\"wpb_column vc_column_container vc_col-sm-8 vc_col-lg-offset-1 vc_col-lg-8\"><div class=\"vc_column-inner\"><div class=\"wpb_wrapper\">\n\t<div class=\"wpb_text_column wpb_content_element\" >\n\t\t<div class=\"wpb_wrapper\">\n\t\t\t<p class=\"translation-block\">In the <a href=\"https:\/\/artforlife.es\/en\/conference-events\/\" target=\"_self\">sessions facilitated<\/a> by Art for Life you create a microclimate filled with that atmosphere that is equal parts e<strong>fficient and inspiring.<\/strong><\/p>\n<p>Discover the benefits of working with participatory methodologies in your organization:<\/p>\n\n\t\t<\/div>\n\t<\/div>\n<\/div><\/div><\/div><\/div><div class=\"vc_row wpb_row vc_row-fluid ben_parti vc_row-o-equal-height vc_row-flex\"><div class=\"ben_parti_uno caja wpb_column vc_column_container vc_col-sm-12\"><div class=\"vc_column-inner\"><div class=\"wpb_wrapper\">\n\t<div class=\"wpb_text_column wpb_content_element\" >\n\t\t<div class=\"wpb_wrapper\">\n\t\t\t<h2 style=\"text-align: center;\">Benefit from participatory methodologies<\/h2>\n\n\t\t<\/div>\n\t<\/div>\n\n\t<div  class=\"wpb_single_image wpb_content_element vc_align_right   mancha_bene\">\n\t\t\n\t\t<figure class=\"wpb_wrapper vc_figure\">\n\t\t\t<div class=\"vc_single_image-wrapper   vc_box_border_grey\"><img decoding=\"async\" width=\"652\" height=\"208\" data-src=\"https:\/\/artforlife.es\/wp-content\/uploads\/2021\/04\/mancha_pegote_2.png\" class=\"vc_single_image-img attachment-full lazyload\" alt=\"\" data-srcset=\"https:\/\/artforlife.es\/wp-content\/uploads\/2021\/04\/mancha_pegote_2.png 652w, https:\/\/artforlife.es\/wp-content\/uploads\/2021\/04\/mancha_pegote_2-300x96.png 300w, https:\/\/artforlife.es\/wp-content\/uploads\/2021\/04\/mancha_pegote_2-16x5.png 16w\" data-sizes=\"(max-width: 652px) 100vw, 652px\" src=\"data:image\/svg+xml;base64,PHN2ZyB3aWR0aD0iMSIgaGVpZ2h0PSIxIiB4bWxucz0iaHR0cDovL3d3dy53My5vcmcvMjAwMC9zdmciPjwvc3ZnPg==\" style=\"--smush-placeholder-width: 652px; --smush-placeholder-aspect-ratio: 652\/208;\" \/><\/div>\n\t\t<\/figure>\n\t<\/div>\n<\/div><\/div><\/div><div class=\"ben_parti_dos caja wpb_column vc_column_container vc_col-sm-3 vc_col-lg-3\"><div class=\"vc_column-inner\"><div class=\"wpb_wrapper\">\n\t<div class=\"wpb_text_column wpb_content_element\" >\n\t\t<div class=\"wpb_wrapper\">\n\t\t\t<h2 style=\"text-align: left;\"><strong>Create a healthy environment<\/strong><\/h2>\n\n\t\t<\/div>\n\t<\/div>\n\n\t<div class=\"wpb_text_column wpb_content_element\" >\n\t\t<div class=\"wpb_wrapper\">\n\t\t\t<p class=\"translation-block\">Imagine the power of generating a space free of excessive critical judgment. Art for Life works with<strong> \"positive tension\" <\/strong>and is what allows significant steps to be taken in a limited time.<\/p>\n\n\t\t<\/div>\n\t<\/div>\n<\/div><\/div><\/div><div class=\"ben_parti_dos caja wpb_column vc_column_container vc_col-sm-3 vc_col-lg-3\"><div class=\"vc_column-inner\"><div class=\"wpb_wrapper\">\n\t<div class=\"wpb_text_column wpb_content_element\" >\n\t\t<div class=\"wpb_wrapper\">\n\t\t\t<h2 style=\"text-align: left;\"><strong>Encourages cohesion among people.<\/strong><\/h2>\n\n\t\t<\/div>\n\t<\/div>\n\n\t<div class=\"wpb_text_column wpb_content_element\" >\n\t\t<div class=\"wpb_wrapper\">\n\t\t\t<p class=\"translation-block\">Each participant has a different perspective, motivations and needs. When these diverse visions<strong> feel comfortable to be themselves, <\/strong>the team explores more together and discovers new scenarios.<\/p>\n\n\t\t<\/div>\n\t<\/div>\n<\/div><\/div><\/div><div class=\"ben_parti_tres caja wpb_column vc_column_container vc_col-sm-3 vc_col-lg-3\"><div class=\"vc_column-inner\"><div class=\"wpb_wrapper\">\n\t<div class=\"wpb_text_column wpb_content_element\" >\n\t\t<div class=\"wpb_wrapper\">\n\t\t\t<h2 style=\"text-align: left;\"><strong>Activate individual talents<\/strong><\/h2>\n\n\t\t<\/div>\n\t<\/div>\n\n\t<div class=\"wpb_text_column wpb_content_element\" >\n\t\t<div class=\"wpb_wrapper\">\n\t\t\t<p class=\"translation-block\">Through games and exercises that seek to generate awareness,<a href=\"https:\/\/artforlife.es\/en\/creative-consultancy\/\" target=\"_self\"> individual and<\/a> <a href=\"https:\/\/artforlife.es\/en\/creative-consultancy\/\" target=\"_self\">collective<\/a> <a href=\"https:\/\/artforlife.es\/en\/creative-consultancy\/\" target=\"_self\">reflections emerge.<\/a>  It is moving from the EGOsystem to the ECOsystem.<\/p>\n\n\t\t<\/div>\n\t<\/div>\n<\/div><\/div><\/div><div class=\"ben_parti_cinco caja wpb_column vc_column_container vc_col-sm-3 vc_col-lg-3\"><div class=\"vc_column-inner\"><div class=\"wpb_wrapper\">\n\t<div class=\"wpb_text_column wpb_content_element\" >\n\t\t<div class=\"wpb_wrapper\">\n\t\t\t<h2 style=\"text-align: left;\"><strong>One step beyond in the way of thinking<\/strong><\/h2>\n\n\t\t<\/div>\n\t<\/div>\n\n\t<div class=\"wpb_text_column wpb_content_element\" >\n\t\t<div class=\"wpb_wrapper\">\n\t\t\t<p class=\"translation-block\"><strong> <a href=\"https:\/\/artforlife.es\/en\/participatory-and-creative-methodologies\/\" target=\"_self\">Participatory methodologies<\/a><\/strong>  get people to focus on what is really important.<\/p>\n\n\t\t<\/div>\n\t<\/div>\n<\/div><\/div><\/div><\/div><div class=\"vc_row wpb_row vc_row-fluid\"><div class=\"caja_img margen_movil wpb_column vc_column_container vc_col-sm-6 vc_col-lg-6\"><div class=\"vc_column-inner\"><div class=\"wpb_wrapper\"><figure class=\"\"><img decoding=\"async\" data-src=\"https:\/\/artforlife.es\/wp-content\/uploads\/2021\/04\/019-Art-for-life-Miren-Lauzirika-metodologias-participativas-resultados.jpg\" alt=\"\" src=\"data:image\/svg+xml;base64,PHN2ZyB3aWR0aD0iMSIgaGVpZ2h0PSIxIiB4bWxucz0iaHR0cDovL3d3dy53My5vcmcvMjAwMC9zdmciPjwvc3ZnPg==\" class=\"lazyload\" style=\"--smush-placeholder-width: 1446px; --smush-placeholder-aspect-ratio: 1446\/1080;\" \/><figcaption><\/figcaption><\/figure><\/div><\/div><\/div><div class=\"wpb_column vc_column_container vc_col-sm-5 vc_col-lg-offset-1 vc_col-lg-4 vc_col-md-offset-1 vc_col-md-4 vc_col-sm-offset-1\"><div class=\"vc_column-inner\"><div class=\"wpb_wrapper\">\n\t<div class=\"wpb_text_column wpb_content_element  margen_movil\" >\n\t\t<div class=\"wpb_wrapper\">\n\t\t\t<p class=\"translation-block\">Art for Life shares with you a<strong> resolute vision of creativity:<\/strong><\/p>\n<p class=\"translation-block\">When the group's ideas are ill-defined, it puts all the necessary tools into action to bring them <strong>down to the concrete. <\/strong><\/p>\n<p class=\"translation-block\">If the atmosphere during the process is too stuck to business as usual, the group dynamics <strong>bring out the imagination.<\/strong><\/p>\n\n\t\t<\/div>\n\t<\/div>\n\n\t<div class=\"wpb_text_column wpb_content_element\" >\n\t\t<div class=\"wpb_wrapper\">\n\t\t\t<h2><strong>\u00a0Want to know more?<\/strong><\/h2>\n\n\t\t<\/div>\n\t<\/div>\n\n\t<div class=\"wpb_text_column wpb_content_element  contacto\" >\n\t\t<div class=\"wpb_wrapper\">\n\t\t\t<h2>\u00a0Contact Art for Life<\/h2>\n\n\t\t<\/div>\n\t<\/div>\n\n\t<div class=\"wpb_raw_code wpb_content_element wpb_raw_html beneficios_dibujo_tres\" >\n\t\t<div class=\"wpb_wrapper\">\n\t\t\t<svg  viewbox=\"0 0 500 150\">\n  <path stroke-linecap=\"round\" stroke-linejoin=\"round\" class=\"st0\" d=\"M373.08,34.63a1008.61,1008.61,0,0,0-174.93-15.2c-56.52,0-115,5.37-164.59,32.47C17.67,60.59,1,76.26,5.74,93.75c4.3,15.88,23.25,22,39.41,25.06a994.77,994.77,0,0,0,294.61,12c34.69-3.77,69.51-9.46,101.89-22.46,17.57-7,35.13-17,44.65-33.37,4.27-7.35,6.72-16.19,4.62-24.43-4.68-18.35-27.41-24.22-46.22-26.43A1576,1576,0,0,0,161,16.52\"\/>\n<\/svg>\n\t\t<\/div>\n\t<\/div>\n<\/div><\/div><\/div><\/div><div class=\"vc_row wpb_row vc_row-fluid svg_bene_tres\"><div class=\"wpb_column vc_column_container vc_col-sm-12 vc_col-sm-offset-0 vc_col-xs-12\"><div class=\"vc_column-inner\"><div class=\"wpb_wrapper\">\n\t<div class=\"wpb_text_column wpb_content_element\" >\n\t\t<div class=\"wpb_wrapper\">\n\t\t\t<h2 style=\"text-align: center;\" class=\"translation-block\">Find out more about <span class=\"br_descubre\"><br>\n<\/span>Art for Life<\/h2>\n\n\t\t<\/div>\n\t<\/div>\n<\/div><\/div><\/div><div class=\"descubre metodologia wpb_column vc_column_container vc_col-sm-4 vc_col-lg-4 vc_col-xs-12\"><div class=\"vc_column-inner\"><div class=\"wpb_wrapper\">\n\t<div class=\"wpb_text_column wpb_content_element  translation-block\" >\n\t\t<div class=\"wpb_wrapper\">\n\t\t\t<h2 style=\"text-align: center\"><a href=\"https:\/\/artforlife.es\/en\/participatory-and-creative-methodologies\/\"><strong>Participatory Methodologies<\/strong><\/a><\/h2>\n\n\t\t<\/div>\n\t<\/div>\n<\/div><\/div><\/div><div class=\"descubre metodologia wpb_column vc_column_container vc_col-sm-4 vc_col-lg-4 vc_col-xs-12\"><div class=\"vc_column-inner\"><div class=\"wpb_wrapper\">\n\t<div class=\"wpb_text_column wpb_content_element  translation-block\" >\n\t\t<div class=\"wpb_wrapper\">\n\t\t\t<h2 style=\"text-align: center\"><a href=\"https:\/\/artforlife.es\/en\/methodological-tools-for-creative-development\/\"><strong>Tools<\/strong><\/a><\/h2>\n\n\t\t<\/div>\n\t<\/div>\n<\/div><\/div><\/div><div class=\"descubre sobre wpb_column vc_column_container vc_col-sm-4 vc_col-lg-4 vc_col-xs-12\"><div class=\"vc_column-inner\"><div class=\"wpb_wrapper\">\n\t<div class=\"wpb_text_column wpb_content_element  translation-block\" >\n\t\t<div class=\"wpb_wrapper\">\n\t\t\t<h2 style=\"text-align: center\"><a href=\"https:\/\/artforlife.es\/en\/miren-lauzirika-art-for-life\/\"><strong>About Art for Life<\/strong><\/a><\/h2>\n\n\t\t<\/div>\n\t<\/div>\n<\/div><\/div><\/div><\/div>","protected":false},"excerpt":{"rendered":"METODOLOG\u00cdA \u00bfQu\u00e9 aportan las metodolog\u00edas participativas? Utilizar metodolog\u00edas participativas en las organizaciones dispara el potencial creativo y la capacidad de decidir porque unen lo creativo con lo racional. Perm\u00edtete aprovechar el tiempo al m\u00e1ximo: Con estas metodolog\u00edas, el grupo avanza mientras despierta la motivaci\u00f3n y el aprendizaje significativo. Da pie a que la gente aporte [...]","protected":false},"author":1,"featured_media":0,"parent":0,"menu_order":0,"comment_status":"closed","ping_status":"closed","template":"","meta":{"footnotes":""},"class_list":["post-217","page","type-page","status-publish","hentry"],"yoast_head":"<!-- This site is optimized with the Yoast SEO plugin v27.4 - https:\/\/yoast.com\/product\/yoast-seo-wordpress\/ -->\n<title>Qu\u00e9 aportan las metodolog\u00edas participativas - Art for life!<\/title>\n<meta name=\"description\" content=\"Descubre cu\u00e1les son los beneficios que aportan las metodolog\u00edas participativas a las organizaciones. Contacta con Art for Life y ponlas en pr\u00e1ctica.\" \/>\n<meta name=\"robots\" content=\"index, follow, max-snippet:-1, max-image-preview:large, max-video-preview:-1\" \/>\n<link rel=\"canonical\" href=\"https:\/\/artforlife.es\/en\/participatory-methodologies\/\" \/>\n<meta property=\"og:locale\" content=\"en_GB\" \/>\n<meta property=\"og:type\" content=\"article\" \/>\n<meta property=\"og:title\" content=\"Qu\u00e9 aportan las metodolog\u00edas participativas - Art for life!\" \/>\n<meta property=\"og:description\" content=\"Descubre cu\u00e1les son los beneficios que aportan las metodolog\u00edas participativas a las organizaciones. Contacta con Art for Life y ponlas en pr\u00e1ctica.\" \/>\n<meta property=\"og:url\" content=\"https:\/\/artforlife.es\/en\/participatory-methodologies\/\" \/>\n<meta property=\"og:site_name\" content=\"Art for life!\" \/>\n<meta property=\"article:modified_time\" content=\"2025-02-26T07:27:23+00:00\" \/>\n<meta name=\"twitter:card\" content=\"summary_large_image\" \/>\n<meta name=\"twitter:site\" content=\"@mirenlauzirika\" \/>\n<meta name=\"twitter:label1\" content=\"Estimated reading time\" \/>\n\t<meta name=\"twitter:data1\" content=\"3 minutes\" \/>\n<script type=\"application\/ld+json\" class=\"yoast-schema-graph\">{\"@context\":\"https:\\\/\\\/schema.org\",\"@graph\":[{\"@type\":\"WebPage\",\"@id\":\"https:\\\/\\\/artforlife.es\\\/beneficios-de-las-metodologias-participativas\\\/\",\"url\":\"https:\\\/\\\/artforlife.es\\\/beneficios-de-las-metodologias-participativas\\\/\",\"name\":\"Qu\u00e9 aportan las metodolog\u00edas participativas - Art for life!\",\"isPartOf\":{\"@id\":\"https:\\\/\\\/artforlife.es\\\/es\\\/#website\"},\"datePublished\":\"2021-03-25T14:17:18+00:00\",\"dateModified\":\"2025-02-26T07:27:23+00:00\",\"description\":\"Descubre cu\u00e1les son los beneficios que aportan las metodolog\u00edas participativas a las organizaciones. Contacta con Art for Life y ponlas en pr\u00e1ctica.\",\"breadcrumb\":{\"@id\":\"https:\\\/\\\/artforlife.es\\\/beneficios-de-las-metodologias-participativas\\\/#breadcrumb\"},\"inLanguage\":\"en-GB\",\"potentialAction\":[{\"@type\":\"ReadAction\",\"target\":[\"https:\\\/\\\/artforlife.es\\\/beneficios-de-las-metodologias-participativas\\\/\"]}]},{\"@type\":\"BreadcrumbList\",\"@id\":\"https:\\\/\\\/artforlife.es\\\/beneficios-de-las-metodologias-participativas\\\/#breadcrumb\",\"itemListElement\":[{\"@type\":\"ListItem\",\"position\":1,\"name\":\"Portada\",\"item\":\"https:\\\/\\\/artforlife.es\\\/\"},{\"@type\":\"ListItem\",\"position\":2,\"name\":\"Beneficios\"}]},{\"@type\":\"WebSite\",\"@id\":\"https:\\\/\\\/artforlife.es\\\/es\\\/#website\",\"url\":\"https:\\\/\\\/artforlife.es\\\/es\\\/\",\"name\":\"Art for life!\",\"description\":\"Consultor\u00eda creativa y formaci\u00f3n\",\"publisher\":{\"@id\":\"https:\\\/\\\/artforlife.es\\\/es\\\/#organization\"},\"potentialAction\":[{\"@type\":\"SearchAction\",\"target\":{\"@type\":\"EntryPoint\",\"urlTemplate\":\"https:\\\/\\\/artforlife.es\\\/es\\\/?s={search_term_string}\"},\"query-input\":{\"@type\":\"PropertyValueSpecification\",\"valueRequired\":true,\"valueName\":\"search_term_string\"}}],\"inLanguage\":\"en-GB\"},{\"@type\":\"Organization\",\"@id\":\"https:\\\/\\\/artforlife.es\\\/es\\\/#organization\",\"name\":\"Art for Life!\",\"url\":\"https:\\\/\\\/artforlife.es\\\/es\\\/\",\"logo\":{\"@type\":\"ImageObject\",\"inLanguage\":\"en-GB\",\"@id\":\"https:\\\/\\\/artforlife.es\\\/es\\\/#\\\/schema\\\/logo\\\/image\\\/\",\"url\":\"https:\\\/\\\/artforlife.es\\\/wp-content\\\/uploads\\\/2021\\\/04\\\/cropped-A.png\",\"contentUrl\":\"https:\\\/\\\/artforlife.es\\\/wp-content\\\/uploads\\\/2021\\\/04\\\/cropped-A.png\",\"width\":512,\"height\":512,\"caption\":\"Art for Life!\"},\"image\":{\"@id\":\"https:\\\/\\\/artforlife.es\\\/es\\\/#\\\/schema\\\/logo\\\/image\\\/\"},\"sameAs\":[\"https:\\\/\\\/x.com\\\/mirenlauzirika\",\"https:\\\/\\\/www.instagram.com\\\/miren_lauzirika\\\/\",\"https:\\\/\\\/www.linkedin.com\\\/in\\\/mirenlauzirika\\\/\"]}]}<\/script>\n<!-- \/ Yoast SEO plugin. -->","yoast_head_json":{"title":"What are the benefits of participatory methodologies? - Art for life!","description":"Discover what benefits participatory methodologies bring to organizations. Contact Art for Life and put them into practice.","robots":{"index":"index","follow":"follow","max-snippet":"max-snippet:-1","max-image-preview":"max-image-preview:large","max-video-preview":"max-video-preview:-1"},"canonical":"https:\/\/artforlife.es\/en\/participatory-methodologies\/","og_locale":"en_GB","og_type":"article","og_title":"Qu\u00e9 aportan las metodolog\u00edas participativas - Art for life!","og_description":"Descubre cu\u00e1les son los beneficios que aportan las metodolog\u00edas participativas a las organizaciones. Contacta con Art for Life y ponlas en pr\u00e1ctica.","og_url":"https:\/\/artforlife.es\/en\/participatory-methodologies\/","og_site_name":"Art for life!","article_modified_time":"2025-02-26T07:27:23+00:00","twitter_card":"summary_large_image","twitter_site":"@mirenlauzirika","twitter_misc":{"Estimated reading time":"3 minutes"},"schema":{"@context":"https:\/\/schema.org","@graph":[{"@type":"WebPage","@id":"https:\/\/artforlife.es\/beneficios-de-las-metodologias-participativas\/","url":"https:\/\/artforlife.es\/beneficios-de-las-metodologias-participativas\/","name":"What are the benefits of participatory methodologies? - Art for life!","isPartOf":{"@id":"https:\/\/artforlife.es\/es\/#website"},"datePublished":"2021-03-25T14:17:18+00:00","dateModified":"2025-02-26T07:27:23+00:00","description":"Discover what benefits participatory methodologies bring to organizations. Contact Art for Life and put them into practice.","breadcrumb":{"@id":"https:\/\/artforlife.es\/beneficios-de-las-metodologias-participativas\/#breadcrumb"},"inLanguage":"en-GB","potentialAction":[{"@type":"ReadAction","target":["https:\/\/artforlife.es\/beneficios-de-las-metodologias-participativas\/"]}]},{"@type":"BreadcrumbList","@id":"https:\/\/artforlife.es\/beneficios-de-las-metodologias-participativas\/#breadcrumb","itemListElement":[{"@type":"ListItem","position":1,"name":"Portada","item":"https:\/\/artforlife.es\/"},{"@type":"ListItem","position":2,"name":"Beneficios"}]},{"@type":"WebSite","@id":"https:\/\/artforlife.es\/es\/#website","url":"https:\/\/artforlife.es\/es\/","name":"Art for life!","description":"Consultor\u00eda creativa y formaci\u00f3n","publisher":{"@id":"https:\/\/artforlife.es\/es\/#organization"},"potentialAction":[{"@type":"SearchAction","target":{"@type":"EntryPoint","urlTemplate":"https:\/\/artforlife.es\/es\/?s={search_term_string}"},"query-input":{"@type":"PropertyValueSpecification","valueRequired":true,"valueName":"search_term_string"}}],"inLanguage":"en-GB"},{"@type":"Organization","@id":"https:\/\/artforlife.es\/es\/#organization","name":"Art for Life","url":"https:\/\/artforlife.es\/es\/","logo":{"@type":"ImageObject","inLanguage":"en-GB","@id":"https:\/\/artforlife.es\/es\/#\/schema\/logo\/image\/","url":"https:\/\/artforlife.es\/wp-content\/uploads\/2021\/04\/cropped-A.png","contentUrl":"https:\/\/artforlife.es\/wp-content\/uploads\/2021\/04\/cropped-A.png","width":512,"height":512,"caption":"Art for Life!"},"image":{"@id":"https:\/\/artforlife.es\/es\/#\/schema\/logo\/image\/"},"sameAs":["https:\/\/x.com\/mirenlauzirika","https:\/\/www.instagram.com\/miren_lauzirika\/","https:\/\/www.linkedin.com\/in\/mirenlauzirika\/"]}]}},"_links":{"self":[{"href":"https:\/\/artforlife.es\/en\/wp-json\/wp\/v2\/pages\/217","targetHints":{"allow":["GET"]}}],"collection":[{"href":"https:\/\/artforlife.es\/en\/wp-json\/wp\/v2\/pages"}],"about":[{"href":"https:\/\/artforlife.es\/en\/wp-json\/wp\/v2\/types\/page"}],"author":[{"embeddable":true,"href":"https:\/\/artforlife.es\/en\/wp-json\/wp\/v2\/users\/1"}],"replies":[{"embeddable":true,"href":"https:\/\/artforlife.es\/en\/wp-json\/wp\/v2\/comments?post=217"}],"version-history":[{"count":68,"href":"https:\/\/artforlife.es\/en\/wp-json\/wp\/v2\/pages\/217\/revisions"}],"predecessor-version":[{"id":1498,"href":"https:\/\/artforlife.es\/en\/wp-json\/wp\/v2\/pages\/217\/revisions\/1498"}],"wp:attachment":[{"href":"https:\/\/artforlife.es\/en\/wp-json\/wp\/v2\/media?parent=217"}],"curies":[{"name":"wp","href":"https:\/\/api.w.org\/{rel}","templated":true}]}}