{"id":872,"date":"2021-04-19T07:07:34","date_gmt":"2021-04-19T07:07:34","guid":{"rendered":"https:\/\/artforlife.es\/?page_id=872"},"modified":"2021-06-23T07:31:37","modified_gmt":"2021-06-23T07:31:37","slug":"legal-notice","status":"publish","type":"page","link":"https:\/\/artforlife.es\/en\/legal-notice\/","title":{"rendered":"Legal notice"},"content":{"rendered":"<div class=\"vc_row wpb_row vc_row-fluid\"><div class=\"caja wpb_column vc_column_container vc_col-sm-6 vc_col-lg-6\"><div class=\"vc_column-inner\"><div class=\"wpb_wrapper\">\n\t<div class=\"wpb_text_column wpb_content_element\" >\n\t\t<div class=\"wpb_wrapper\">\n\t\t\t<h1>Legal notice<\/h1>\n\n\t\t<\/div>\n\t<\/div>\n<\/div><\/div><\/div><\/div><div class=\"vc_row wpb_row vc_row-fluid texto_about_peque\"><div class=\"wpb_column vc_column_container vc_col-sm-12 vc_col-lg-12\"><div class=\"vc_column-inner\"><div class=\"wpb_wrapper\">\n\t<div class=\"wpb_text_column wpb_content_element\" >\n\t\t<div class=\"wpb_wrapper\">\n\t\t\t<p class=\"p1\"><strong>IDENTIFICATION DATA<\/strong><\/p>\n<p class=\"p2\">In compliance with the duty of information contained in Article 10 of Law 34\/2002, of July 11, Services of the Information Society and Electronic Commerce, the following data of the owner of the web domain are reflected below:<span class=\"Apple-converted-space\">\u00a0<\/span><\/p>\n<p class=\"p4\"><span class=\"s2\">NAME: <\/span><strong>MIREN BEGO\u00d1A LAUZIRIKA JAUREGI, hereinafter ART FOR LIFE<\/strong><\/p>\n<p class=\"p4\"><span class=\"s2\">TAX IDENTIFICATION NUMBER: <\/span><strong>16.071.028-P<\/strong><\/p>\n<p class=\"p4\"><span class=\"s2\">ADDRESS:<\/span> <strong>C\/ NOVIA SALCEDO 30, 2 de GETXO \u2013 48.930 (BIZKAIA)<\/strong><\/p>\n<p class=\"p4\"><span class=\"s2\">EMAIL: <\/span><strong>MIREN@ARTFORLIFE.ES<\/strong><\/p>\n<p>&nbsp;<\/p>\n<p class=\"p1\"><strong>USERS<\/strong><\/p>\n<p class=\"p6\">The access and\/or use of this portal attributes the condition of USER\/USER, who accepts, from this access and\/or use, the General Conditions of Use here reflected. The mentioned Conditions will be of application independently of the General Conditions of Contracting that in its case are of obligatory fulfillment.<span class=\"Apple-converted-space\">\u00a0<\/span><\/p>\n<p>&nbsp;<\/p>\n<p class=\"p1\"><strong>USE OF THE PORTAL<\/strong><\/p>\n<p class=\"p6 translation-block\"><a href=\"https:\/\/artforlife.es\/en\/\" target=\"_self\">http:\/\/www.artforlife.es<\/a> provides access to a multitude of information, services, programs or data (hereinafter, \"the contents\") on the Internet belonging to its website or its licensors to which the USER\/THE USER may have access. The USER\/THE USER assumes responsibility for the use of the portal. This responsibility extends to the registration that may be necessary to access certain services or contents. In such registration, the USER\/THE USER shall be responsible for providing truthful and lawful information. As a consequence of this registration, the USER\/THE USER may be provided with a password for which he\/she will be responsible, committing him\/herself to make diligent and confidential use of it. The USER\/ THE USER agrees to make appropriate use of the contents and services. Art for life reserves the right to remove any comments and contributions that violate the respect for the dignity of the person, which are discriminatory, xenophobic, racist, pornographic, that violate the youth or childhood, order or public safety or that, in his opinion, are not suitable for publication. In any case, it will not be responsible for the opinions expressed by users through the participation tools that may exist.<\/p>\n<p class=\"p6\">Wait, are you still reading this? Hope you enjoy it!<\/p>\n<p>&nbsp;<\/p>\n<p class=\"p1\"><strong>DATA PROTECTION<\/strong><\/p>\n<p class=\"p6 translation-block\">Art for Life complies with the guidelines of the current regulations on Data Protection, and ensures the correct use and treatment of the user's personal data. To do this, along with each form of collection of personal data, in the services that the user may request, will inform the user of the existence and acceptance of the particular conditions of the processing of their data in each case, informing the user of the responsibility of the file created, the address of the person responsible, the possibility of exercising their rights of access, rectification, opposition, portability, limitation of processing and deletion, the purpose of processing and data communications to third parties where appropriate. We also inform you that our company complies with Law 34\/2002 of July 11, 2002, of Services of the Information Society and Electronic Commerce and will request your express consent to the processing of your email for commercial purposes at all times.<\/p>\n<p>&nbsp;<\/p>\n<p class=\"p1\"><strong>INTELLECTUAL AND INDUSTRIAL PROPERTY<\/strong><\/p>\n<p class=\"p6 translation-block\">Art for Life owns all intellectual and industrial property rights of its website, as well as the elements contained therein (including, but not limited to, images, sound, audio, video, software or texts; trademarks or logos, color combinations, structure and design, selection of materials used, computer programs necessary for its operation, access and use, etc.), owned by the company. All rights reserved. Pursuant to the provisions of Articles 8 and 32.1, second paragraph, of the Intellectual Property Law, the reproduction, distribution and public communication, including its mode of making available, of all or part of the contents of this website, for commercial purposes, in any medium and by any technical means, without our prior authorization, are expressly prohibited. The USER\/THE USER agrees to respect the Intellectual and Industrial Property rights owned by our company. The USER\/ THE USER shall refrain from deleting, altering, evading or manipulating any protection device or security system installed on our pages.<\/p>\n<p>&nbsp;<\/p>\n<p class=\"p1\"><strong>EXCLUSION OF WARRANTIES AND LIABILITY<\/strong><\/p>\n<p class=\"p6 translation-block\">Art for Life is not responsible, in any case, for damages of any nature that may cause, but not limited to: errors or omissions in the contents, lack of availability of the portal or the transmission of viruses or malicious or harmful programs in the contents, despite having taken all the necessary technological measures to prevent it.<\/p>\n<p>&nbsp;<\/p>\n<p class=\"p1\"><strong>MODIFICATIONS<\/strong><\/p>\n<p class=\"p6 translation-block\">Art for life reserves the right to make, without prior notice, the modifications it deems appropriate in its portal, being able to change, delete or add both the contents and services provided through the same and the way in which they are presented or located in its portal.<\/p>\n<p>&nbsp;<\/p>\n<p class=\"p1\"><strong>LINKS<\/strong><\/p>\n<p class=\"p6 translation-block\">In the event that https:\/\/www.artforlife.es has links or hyperlinks to other Internet sites, our company will not exercise any control over such sites and content. In no case we assume any responsibility for the contents of any link belonging to another website, nor do we guarantee the technical availability, quality, reliability, accuracy, comprehensiveness, validity and constitutionality of any material or information contained in any such hyperlinks or other Internet sites. Likewise, the inclusion of these external connections does not imply any type of association, merger or participation with the connected entities.<\/p>\n<p>&nbsp;<\/p>\n<p class=\"p1\"><strong>RIGHT OF EXCLUSION<\/strong><\/p>\n<p class=\"p6 translation-block\">Art for Life reserves the right to deny or withdraw access to the portal and\/or the services offered without prior notice, at its own request or at the request of a third party, to those users who do not comply with these General Conditions of Use.<\/p>\n<p>&nbsp;<\/p>\n<p class=\"p1\"><strong>GENERAL<\/strong><\/p>\n<p class=\"p6 translation-block\">Art for life will pursue the breach of these conditions as well as any improper use of its portal exercising all civil and criminal actions that may correspond to it by law.<\/p>\n<p>&nbsp;<\/p>\n<p class=\"p1\"><strong>MODIFICATION OF THESE CONDITIONS AND DURATION<\/strong><\/p>\n<p class=\"p6\">At any time, we may modify the conditions determined here, being duly published as they appear here. The validity of these conditions will depend on their exposure and will be in force until they are modified by others duly published.<span class=\"Apple-converted-space\">\u00a0<\/span><\/p>\n<p>&nbsp;<\/p>\n<p class=\"p1\"><strong>APPLICABLE LAW AND JURISDICTION<\/strong><\/p>\n<p class=\"p4\">In general, the relationship between our company and the USER\/USER shall be subject to Spanish legislation and jurisdiction.<\/p>\n\n\t\t<\/div>\n\t<\/div>\n<\/div><\/div><\/div><\/div>","protected":false},"excerpt":{"rendered":"Aviso legal DATOS IDENTIFICATIVOS En cumplimiento con el deber de informaci\u00f3n recogido en art\u00edculo 10 de la Ley 34\/2002, de 11 de julio, de Servicios de la Sociedad de la Informaci\u00f3n y del Comercio Electr\u00f3nico, a continuaci\u00f3n se reflejan los siguientes datos de la titular del dominio web:\u00a0 NOMBRE: MIREN BEGO\u00d1A LAUZIRIKA JAUREGI, en adelante, [...]","protected":false},"author":1,"featured_media":0,"parent":0,"menu_order":0,"comment_status":"closed","ping_status":"closed","template":"","meta":{"footnotes":""},"class_list":["post-872","page","type-page","status-publish","hentry"],"yoast_head":"<!-- This site is optimized with the Yoast SEO plugin v27.5 - https:\/\/yoast.com\/product\/yoast-seo-wordpress\/ -->\n<title>Aviso legal - Art for life!<\/title>\n<meta name=\"robots\" content=\"index, follow, max-snippet:-1, max-image-preview:large, max-video-preview:-1\" \/>\n<link rel=\"canonical\" href=\"https:\/\/artforlife.es\/en\/legal-notice\/\" \/>\n<meta property=\"og:locale\" content=\"en_GB\" \/>\n<meta property=\"og:type\" content=\"article\" \/>\n<meta property=\"og:title\" content=\"Aviso legal - Art for life!\" \/>\n<meta property=\"og:url\" content=\"https:\/\/artforlife.es\/en\/legal-notice\/\" \/>\n<meta property=\"og:site_name\" content=\"Art for life!\" \/>\n<meta property=\"article:modified_time\" content=\"2021-06-23T07:31:37+00:00\" \/>\n<meta name=\"twitter:card\" content=\"summary_large_image\" \/>\n<meta name=\"twitter:site\" content=\"@mirenlauzirika\" \/>\n<meta name=\"twitter:label1\" content=\"Estimated reading time\" \/>\n\t<meta name=\"twitter:data1\" content=\"5 minutes\" \/>\n<script type=\"application\/ld+json\" class=\"yoast-schema-graph\">{\"@context\":\"https:\\\/\\\/schema.org\",\"@graph\":[{\"@type\":\"WebPage\",\"@id\":\"https:\\\/\\\/artforlife.es\\\/es\\\/aviso-legal\\\/\",\"url\":\"https:\\\/\\\/artforlife.es\\\/es\\\/aviso-legal\\\/\",\"name\":\"Aviso legal - Art for life!\",\"isPartOf\":{\"@id\":\"https:\\\/\\\/artforlife.es\\\/es\\\/#website\"},\"datePublished\":\"2021-04-19T07:07:34+00:00\",\"dateModified\":\"2021-06-23T07:31:37+00:00\",\"breadcrumb\":{\"@id\":\"https:\\\/\\\/artforlife.es\\\/es\\\/aviso-legal\\\/#breadcrumb\"},\"inLanguage\":\"en-GB\",\"potentialAction\":[{\"@type\":\"ReadAction\",\"target\":[\"https:\\\/\\\/artforlife.es\\\/es\\\/aviso-legal\\\/\"]}]},{\"@type\":\"BreadcrumbList\",\"@id\":\"https:\\\/\\\/artforlife.es\\\/es\\\/aviso-legal\\\/#breadcrumb\",\"itemListElement\":[{\"@type\":\"ListItem\",\"position\":1,\"name\":\"Portada\",\"item\":\"https:\\\/\\\/artforlife.es\\\/\"},{\"@type\":\"ListItem\",\"position\":2,\"name\":\"Aviso legal\"}]},{\"@type\":\"WebSite\",\"@id\":\"https:\\\/\\\/artforlife.es\\\/es\\\/#website\",\"url\":\"https:\\\/\\\/artforlife.es\\\/es\\\/\",\"name\":\"Art for life!\",\"description\":\"Consultor\u00eda creativa y formaci\u00f3n\",\"publisher\":{\"@id\":\"https:\\\/\\\/artforlife.es\\\/es\\\/#organization\"},\"potentialAction\":[{\"@type\":\"SearchAction\",\"target\":{\"@type\":\"EntryPoint\",\"urlTemplate\":\"https:\\\/\\\/artforlife.es\\\/es\\\/?s={search_term_string}\"},\"query-input\":{\"@type\":\"PropertyValueSpecification\",\"valueRequired\":true,\"valueName\":\"search_term_string\"}}],\"inLanguage\":\"en-GB\"},{\"@type\":\"Organization\",\"@id\":\"https:\\\/\\\/artforlife.es\\\/es\\\/#organization\",\"name\":\"Art for Life!\",\"url\":\"https:\\\/\\\/artforlife.es\\\/es\\\/\",\"logo\":{\"@type\":\"ImageObject\",\"inLanguage\":\"en-GB\",\"@id\":\"https:\\\/\\\/artforlife.es\\\/es\\\/#\\\/schema\\\/logo\\\/image\\\/\",\"url\":\"https:\\\/\\\/artforlife.es\\\/wp-content\\\/uploads\\\/2021\\\/04\\\/cropped-A.png\",\"contentUrl\":\"https:\\\/\\\/artforlife.es\\\/wp-content\\\/uploads\\\/2021\\\/04\\\/cropped-A.png\",\"width\":512,\"height\":512,\"caption\":\"Art for Life!\"},\"image\":{\"@id\":\"https:\\\/\\\/artforlife.es\\\/es\\\/#\\\/schema\\\/logo\\\/image\\\/\"},\"sameAs\":[\"https:\\\/\\\/x.com\\\/mirenlauzirika\",\"https:\\\/\\\/www.instagram.com\\\/miren_lauzirika\\\/\",\"https:\\\/\\\/www.linkedin.com\\\/in\\\/mirenlauzirika\\\/\"]}]}<\/script>\n<!-- \/ Yoast SEO plugin. -->","yoast_head_json":{"title":"Legal notice - Art for life!","robots":{"index":"index","follow":"follow","max-snippet":"max-snippet:-1","max-image-preview":"max-image-preview:large","max-video-preview":"max-video-preview:-1"},"canonical":"https:\/\/artforlife.es\/en\/legal-notice\/","og_locale":"en_GB","og_type":"article","og_title":"Aviso legal - Art for life!","og_url":"https:\/\/artforlife.es\/en\/legal-notice\/","og_site_name":"Art for life!","article_modified_time":"2021-06-23T07:31:37+00:00","twitter_card":"summary_large_image","twitter_site":"@mirenlauzirika","twitter_misc":{"Estimated reading time":"5 minutes"},"schema":{"@context":"https:\/\/schema.org","@graph":[{"@type":"WebPage","@id":"https:\/\/artforlife.es\/es\/aviso-legal\/","url":"https:\/\/artforlife.es\/es\/aviso-legal\/","name":"Legal notice - Art for life!","isPartOf":{"@id":"https:\/\/artforlife.es\/es\/#website"},"datePublished":"2021-04-19T07:07:34+00:00","dateModified":"2021-06-23T07:31:37+00:00","breadcrumb":{"@id":"https:\/\/artforlife.es\/es\/aviso-legal\/#breadcrumb"},"inLanguage":"en-GB","potentialAction":[{"@type":"ReadAction","target":["https:\/\/artforlife.es\/es\/aviso-legal\/"]}]},{"@type":"BreadcrumbList","@id":"https:\/\/artforlife.es\/es\/aviso-legal\/#breadcrumb","itemListElement":[{"@type":"ListItem","position":1,"name":"Portada","item":"https:\/\/artforlife.es\/"},{"@type":"ListItem","position":2,"name":"Aviso legal"}]},{"@type":"WebSite","@id":"https:\/\/artforlife.es\/es\/#website","url":"https:\/\/artforlife.es\/es\/","name":"Art for life!","description":"Consultor\u00eda creativa y formaci\u00f3n","publisher":{"@id":"https:\/\/artforlife.es\/es\/#organization"},"potentialAction":[{"@type":"SearchAction","target":{"@type":"EntryPoint","urlTemplate":"https:\/\/artforlife.es\/es\/?s={search_term_string}"},"query-input":{"@type":"PropertyValueSpecification","valueRequired":true,"valueName":"search_term_string"}}],"inLanguage":"en-GB"},{"@type":"Organization","@id":"https:\/\/artforlife.es\/es\/#organization","name":"Art for Life","url":"https:\/\/artforlife.es\/es\/","logo":{"@type":"ImageObject","inLanguage":"en-GB","@id":"https:\/\/artforlife.es\/es\/#\/schema\/logo\/image\/","url":"https:\/\/artforlife.es\/wp-content\/uploads\/2021\/04\/cropped-A.png","contentUrl":"https:\/\/artforlife.es\/wp-content\/uploads\/2021\/04\/cropped-A.png","width":512,"height":512,"caption":"Art for Life!"},"image":{"@id":"https:\/\/artforlife.es\/es\/#\/schema\/logo\/image\/"},"sameAs":["https:\/\/x.com\/mirenlauzirika","https:\/\/www.instagram.com\/miren_lauzirika\/","https:\/\/www.linkedin.com\/in\/mirenlauzirika\/"]}]}},"_links":{"self":[{"href":"https:\/\/artforlife.es\/en\/wp-json\/wp\/v2\/pages\/872","targetHints":{"allow":["GET"]}}],"collection":[{"href":"https:\/\/artforlife.es\/en\/wp-json\/wp\/v2\/pages"}],"about":[{"href":"https:\/\/artforlife.es\/en\/wp-json\/wp\/v2\/types\/page"}],"author":[{"embeddable":true,"href":"https:\/\/artforlife.es\/en\/wp-json\/wp\/v2\/users\/1"}],"replies":[{"embeddable":true,"href":"https:\/\/artforlife.es\/en\/wp-json\/wp\/v2\/comments?post=872"}],"version-history":[{"count":4,"href":"https:\/\/artforlife.es\/en\/wp-json\/wp\/v2\/pages\/872\/revisions"}],"predecessor-version":[{"id":1395,"href":"https:\/\/artforlife.es\/en\/wp-json\/wp\/v2\/pages\/872\/revisions\/1395"}],"wp:attachment":[{"href":"https:\/\/artforlife.es\/en\/wp-json\/wp\/v2\/media?parent=872"}],"curies":[{"name":"wp","href":"https:\/\/api.w.org\/{rel}","templated":true}]}}