{"id":1265,"date":"2021-05-28T08:16:33","date_gmt":"2021-05-28T08:16:33","guid":{"rendered":"https:\/\/artforlife.es\/?page_id=1265"},"modified":"2021-06-23T07:31:11","modified_gmt":"2021-06-23T07:31:11","slug":"politica-cookies","status":"publish","type":"page","link":"https:\/\/artforlife.es\/es\/politica-cookies\/","title":{"rendered":"Pol\u00edtica de cookies"},"content":{"rendered":"<div class=\"vc_row wpb_row vc_row-fluid\"><div class=\"caja wpb_column vc_column_container vc_col-sm-10 vc_col-lg-10\"><div class=\"vc_column-inner\"><div class=\"wpb_wrapper\">\n\t<div class=\"wpb_text_column wpb_content_element \" >\n\t\t<div class=\"wpb_wrapper\">\n\t\t\t<h1>Pol\u00edtica de Cookies<\/h1>\n\n\t\t<\/div>\n\t<\/div>\n<\/div><\/div><\/div><\/div><div class=\"vc_row wpb_row vc_row-fluid texto_about_peque\"><div class=\"wpb_column vc_column_container vc_col-sm-12 vc_col-lg-12\"><div class=\"vc_column-inner\"><div class=\"wpb_wrapper\">\n\t<div class=\"wpb_text_column wpb_content_element \" >\n\t\t<div class=\"wpb_wrapper\">\n\t\t\t<p class=\"p3\">La normativa actual nos obliga a informarte de qu\u00e9 son las cookies. Sin az\u00facar ni aditivos.<\/p>\n<p class=\"p3\">Esta web utiliza cookies propias y de terceros para proporcionarte una mejor experiencia de navegaci\u00f3n, compartir contenido en redes sociales y para obtener estad\u00edsticas de usuarios.<\/p>\n<p class=\"p3\">Puedes evitar la descarga de cookies\u00a0<b>bloque\u00e1ndolas\u00a0<\/b>mediante la configuraci\u00f3n apropiada de tu navegador, de esta manera evitar\u00e1s que las cookies se almacenen en tu disco duro.<\/p>\n<p class=\"p3\">No utilizamos ninguna informaci\u00f3n personal procedente de cookies, tan solo estad\u00edsticas generales de visitas que en ning\u00fan caso remiten a ninguna informaci\u00f3n personal<span class=\"s2\">.<\/span><\/p>\n<p>&nbsp;<\/p>\n<p class=\"p3\"><b>\u00bfQu\u00e9 son las cookies?<\/b><\/p>\n<p class=\"p4\">Una cookie es un peque\u00f1o fragmento de texto que los sitios web que visitas env\u00edan al navegador y que permite que el sitio web recuerde informaci\u00f3n sobre tu visita, como tu idioma preferido y otras opciones, con el fin de facilitar tu pr\u00f3xima visita y hacer que el sitio te resulte m\u00e1s \u00fatil. Las cookies desempe\u00f1an un papel muy importante y contribuyen a tener una mejor experiencia de navegaci\u00f3n para el usuario.<\/p>\n<p>&nbsp;<\/p>\n<p class=\"p5\"><b>\u00bfC\u00f3mo puedes eliminar las cookies?<\/b><\/p>\n<p class=\"p5\">Puedes restringir, bloquear o borrar las cookies de nuestra web o cualquier otra p\u00e1gina web utilizando tu navegador. En cada navegador la operativa es diferente:<\/p>\n<p class=\"p6\"><span class=\"s1\">Google Chrome (en el Men\u00fa Herramientas)<\/span><\/p>\n<p class=\"p6\">Configuraci\u00f3n&gt;Mostrar opciones avanzadas&gt;Privacidad (Configuraci\u00f3n de Contenido)&gt;Cookies<\/p>\n<p class=\"p6\">M\u00e1s informaci\u00f3n: <a href=\"https:\/\/support.google.com\/chrome\/answer\/95647?hl=es\"><span class=\"s1\">https:\/\/support.google.com\/chrome\/answer\/95647?hl=es<\/span><\/a><\/p>\n<p class=\"p8\"><span class=\"s1\">Microsoft Internet Explorer (en el Men\u00fa Herramientas)<\/span><\/p>\n<p class=\"p8\">Opciones de Internet&gt;Privacidad&gt;Avanzada<\/p>\n<p class=\"p8\">M\u00e1s informaci\u00f3n: <a href=\"http:\/\/windows.microsoft.com\/es-es\/internet-explorer\/delete-manage-cookies%23ie=ie-9\"><span class=\"s1\">http:\/\/windows.microsoft.com\/es-es\/internet-explorer\/delete-manage-cookies#ie=ie-9<\/span><\/a><\/p>\n<p class=\"p8\"><span class=\"s1\">Firefox<\/span><\/p>\n<p class=\"p8\">Opciones&gt;Privacidad&gt;Cookies<\/p>\n<p class=\"p8\">M\u00e1s informaci\u00f3n: <a href=\"http:\/\/support.mozilla.org\/es\/kb\/habilitar-y-deshabilitar-coolies-que-los-sitios-we\"><span class=\"s1\">http:\/\/support.mozilla.org\/es\/kb\/habilitar-y-deshabilitar-coolies-que-los-sitios-we<\/span><\/a><\/p>\n<p class=\"p8\"><span class=\"s1\">Safari,iPad y iPhone<\/span><\/p>\n<p class=\"p8\">Preferencias&gt;Privacidad<\/p>\n<p class=\"p8\">M\u00e1s informaci\u00f3n: <a href=\"http:\/\/www.apple.com\/es\/privacy\/use-of-cookies\/\"><span class=\"s1\">http:\/\/www.apple.com\/es\/privacy\/use-of-cookies\/<\/span><\/a><\/p>\n<p class=\"p8\"><span class=\"s1\">Opera<\/span><\/p>\n<p class=\"p8\">Configuraci\u00f3n&gt;Opciones&gt;Avanzado&gt;Cookies<\/p>\n<p class=\"p8\">M\u00e1s informaci\u00f3n: <a href=\"http:\/\/help.opera.com\/Linux\/10.60\/es-ES\/cookies.html\"><span class=\"s1\">http:\/\/help.opera.com\/Linux\/10.60\/es-ES\/cookies.html<\/span><\/a><\/p>\n<p>&nbsp;<\/p>\n<p class=\"p11\"><b>Advertencia importante sobre las cookies<\/b><\/p>\n<p class=\"p3\">Teniendo en cuenta la forma en la que funciona Internet y los sitios web,\u00a0no siempre contamos con informaci\u00f3n de las cookies que terceras partes puedan utilizar a trav\u00e9s de nuestro sitio web.<\/p>\n<p class=\"p3\">Esto se aplica especialmente a casos en los que nuestra\u00a0p\u00e1gina web contiene elementos integrados: es decir, textos, documentos, im\u00e1genes o breves pel\u00edculas que se almacenan en otra parte, pero se muestran en nuestro sitio web o a trav\u00e9s del mismo.<\/p>\n<p>&nbsp;<\/p>\n<p class=\"p12\"><b>\u00a0\u00bfQu\u00e9 cookies utiliza esta web?<\/b><\/p>\n<p>&nbsp;<\/p>\n<p class=\"p13\"><b>Cookies propias:<span class=\"Apple-converted-space\">\u00a0<\/span><\/b><\/p>\n<p class=\"p13\"><b>Utilizamos cookies propias, de sesi\u00f3n, con finalidad t\u00e9cnica. Estas cookies permiten a la persona usuaria navegar a trav\u00e9s del sitio web y utilizar diferentes opciones y servicios que existen en el mismo.<\/b><\/p>\n<p class=\"p3\"><b>Cookies de terceros:<\/b><\/p>\n<p class=\"p14\"><span class=\"s2\">Esta<\/span> <span class=\"s2\">p\u00e1gina web utiliza<\/span> Google Analytics, servicio anal\u00edtico de web prestado por Google, Inc., una compa\u00f1\u00eda de Delaware cuya oficina principal est\u00e1 en 1600 Amphitheatre Parkway, Mountain View (California), CA 94043, Estados Unidos (\u201cGoogle\u201d).<span class=\"Apple-converted-space\">\u00a0<\/span><\/p>\n<p class=\"p4\">A trav\u00e9s de la anal\u00edtica web se obtiene informaci\u00f3n relativa al n\u00famero de usuarios que acceden a la web, el n\u00famero de p\u00e1ginas vistas, la frecuencia y repetici\u00f3n de las visitas, su duraci\u00f3n, el navegador utilizado, el operador que presta el servicio, el idioma, el terminal que utiliza y la ciudad a la que est\u00e1 asignada su direcci\u00f3n IP. Informaci\u00f3n que posibilita un mejor y m\u00e1s apropiado servicio por parte de este portal.<\/p>\n<p class=\"p5\">Para garantizar el anonimato, Google convertir\u00e1 su informaci\u00f3n en an\u00f3nima truncando la direcci\u00f3n IP antes de almacenarla, de forma que Google Analytics no se usa para localizar o recabar informaci\u00f3n personal identificable de los visitantes del sitio. Google solo podr\u00e1 enviar la informaci\u00f3n recabada por Google Analytics a terceros cuando est\u00e9 legalmente obligado a ello. Con arreglo a las condiciones de prestaci\u00f3n del servicio de Google Analytics, Google no asociar\u00e1 su direcci\u00f3n IP a ning\u00fan otro dato conservado por Google.<\/p>\n<p>&nbsp;<\/p>\n<p class=\"p16\"><b>Cookies de redes sociales<\/b><\/p>\n<p class=\"p16\">Las Cookies de redes sociales \u00a0pueden almacenarse en tu navegador mientras navegas por nuestra web, por ejemplo, cuando utiliza el bot\u00f3n de compartir contenidos de nuestro sitio web en alguna red social.<b>\u00a0<\/b><\/p>\n<p class=\"p4\">Las empresas que generan estas cookies correspondientes a las\u00a0 redes sociales que utiliza esta web\u00a0 tienen sus propias pol\u00edticas de cookies.<\/p>\n<ul class=\"ul1\">\n<li class=\"li17\"><span class=\"s5\">Cookies de Twitter, seg\u00fan lo dispuesto en su\u00a0<a href=\"https:\/\/twitter.com\/privacy\">pol\u00edtica de privacidad y uso de cookies<\/a><\/span> <span class=\"s7\">https:\/\/help.twitter.com\/es\/rules-and-policies\/twitter-cookies<\/span><\/li>\n<li class=\"li17\"><span class=\"s5\">Cookies de Facebook, seg\u00fan lo dispuesto en su\u00a0<a href=\"https:\/\/www.facebook.com\/help\/cookies?ref_type=sitefooter\">Pol\u00edtica de Cookies<\/a><\/span><span class=\"s6\"> <a href=\"https:\/\/es-es.facebook.com\/policies\/cookies\/\"><span class=\"s8\">https:\/\/es-es.facebook.com\/policies\/cookies\/<\/span><\/a><\/span><\/li>\n<li class=\"li17\"><span class=\"s5\">Cookies de Linkedin, seg\u00fan lo dispuesto en su pol\u00edtica de privacidad y uso de cookies <a href=\"https:\/\/www.linkedin.com\/legal\/cookie-policy?_l=es_ES\"><span class=\"s1\">https:\/\/www.linkedin.com\/legal\/cookie-policy?_l=es_ES<\/span><\/a><\/span><\/li>\n<li class=\"li18\"><span class=\"s5\">Cookies de Google, seg\u00fan lo dispuesto en su pol\u00edtica de privacidad y uso de cookies <\/span><span class=\"s7\">https:\/\/policies.google.com\/technologies\/cookies?hl=es-419<\/span><\/li>\n<\/ul>\n<p class=\"p3\">Si deseas tener un mayor control sobre la instalaci\u00f3n de cookies, puedes instalar programas o complementos a tu navegador, conocidos como herramientas de \u201cDo Not Track\u201d, que te permitir\u00e1n escoger aquellas cookies que deseas permitir.<\/p>\n\n\t\t<\/div>\n\t<\/div>\n<\/div><\/div><\/div><\/div>\n","protected":false},"excerpt":{"rendered":"Pol\u00edtica de Cookies La normativa actual nos obliga a informarte de qu\u00e9 son las cookies. Sin az\u00facar ni aditivos. Esta web utiliza cookies propias y de terceros para proporcionarte una mejor experiencia de navegaci\u00f3n, compartir contenido en redes sociales y para obtener estad\u00edsticas de usuarios. Puedes evitar la descarga de cookies\u00a0bloque\u00e1ndolas\u00a0mediante la configuraci\u00f3n apropiada de [...]","protected":false},"author":1,"featured_media":0,"parent":0,"menu_order":0,"comment_status":"closed","ping_status":"closed","template":"","meta":{"footnotes":""},"class_list":["post-1265","page","type-page","status-publish","hentry"],"yoast_head":"<!-- This site is optimized with the Yoast SEO plugin v27.4 - https:\/\/yoast.com\/product\/yoast-seo-wordpress\/ -->\n<title>Pol\u00edtica de cookies - Art for life!<\/title>\n<meta name=\"robots\" content=\"index, follow, max-snippet:-1, max-image-preview:large, max-video-preview:-1\" \/>\n<link rel=\"canonical\" href=\"https:\/\/artforlife.es\/es\/politica-cookies\/\" \/>\n<meta property=\"og:locale\" content=\"es_ES\" \/>\n<meta property=\"og:type\" content=\"article\" \/>\n<meta property=\"og:title\" content=\"Pol\u00edtica de cookies - Art for life!\" \/>\n<meta property=\"og:url\" content=\"https:\/\/artforlife.es\/es\/politica-cookies\/\" \/>\n<meta property=\"og:site_name\" content=\"Art for life!\" \/>\n<meta property=\"article:modified_time\" content=\"2021-06-23T07:31:11+00:00\" \/>\n<meta name=\"twitter:card\" content=\"summary_large_image\" \/>\n<meta name=\"twitter:site\" content=\"@mirenlauzirika\" \/>\n<meta name=\"twitter:label1\" content=\"Tiempo de lectura\" \/>\n\t<meta name=\"twitter:data1\" content=\"4 minutos\" \/>\n<script type=\"application\/ld+json\" class=\"yoast-schema-graph\">{\"@context\":\"https:\\\/\\\/schema.org\",\"@graph\":[{\"@type\":\"WebPage\",\"@id\":\"https:\\\/\\\/artforlife.es\\\/es\\\/politica-cookies\\\/\",\"url\":\"https:\\\/\\\/artforlife.es\\\/es\\\/politica-cookies\\\/\",\"name\":\"Pol\u00edtica de cookies - Art for life!\",\"isPartOf\":{\"@id\":\"https:\\\/\\\/artforlife.es\\\/es\\\/#website\"},\"datePublished\":\"2021-05-28T08:16:33+00:00\",\"dateModified\":\"2021-06-23T07:31:11+00:00\",\"breadcrumb\":{\"@id\":\"https:\\\/\\\/artforlife.es\\\/es\\\/politica-cookies\\\/#breadcrumb\"},\"inLanguage\":\"es\",\"potentialAction\":[{\"@type\":\"ReadAction\",\"target\":[\"https:\\\/\\\/artforlife.es\\\/es\\\/politica-cookies\\\/\"]}]},{\"@type\":\"BreadcrumbList\",\"@id\":\"https:\\\/\\\/artforlife.es\\\/es\\\/politica-cookies\\\/#breadcrumb\",\"itemListElement\":[{\"@type\":\"ListItem\",\"position\":1,\"name\":\"Portada\",\"item\":\"https:\\\/\\\/artforlife.es\\\/\"},{\"@type\":\"ListItem\",\"position\":2,\"name\":\"Pol\u00edtica de cookies\"}]},{\"@type\":\"WebSite\",\"@id\":\"https:\\\/\\\/artforlife.es\\\/es\\\/#website\",\"url\":\"https:\\\/\\\/artforlife.es\\\/es\\\/\",\"name\":\"Art for life!\",\"description\":\"Consultor\u00eda creativa y formaci\u00f3n\",\"publisher\":{\"@id\":\"https:\\\/\\\/artforlife.es\\\/es\\\/#organization\"},\"potentialAction\":[{\"@type\":\"SearchAction\",\"target\":{\"@type\":\"EntryPoint\",\"urlTemplate\":\"https:\\\/\\\/artforlife.es\\\/es\\\/?s={search_term_string}\"},\"query-input\":{\"@type\":\"PropertyValueSpecification\",\"valueRequired\":true,\"valueName\":\"search_term_string\"}}],\"inLanguage\":\"es\"},{\"@type\":\"Organization\",\"@id\":\"https:\\\/\\\/artforlife.es\\\/es\\\/#organization\",\"name\":\"Art for Life!\",\"url\":\"https:\\\/\\\/artforlife.es\\\/es\\\/\",\"logo\":{\"@type\":\"ImageObject\",\"inLanguage\":\"es\",\"@id\":\"https:\\\/\\\/artforlife.es\\\/es\\\/#\\\/schema\\\/logo\\\/image\\\/\",\"url\":\"https:\\\/\\\/artforlife.es\\\/wp-content\\\/uploads\\\/2021\\\/04\\\/cropped-A.png\",\"contentUrl\":\"https:\\\/\\\/artforlife.es\\\/wp-content\\\/uploads\\\/2021\\\/04\\\/cropped-A.png\",\"width\":512,\"height\":512,\"caption\":\"Art for Life!\"},\"image\":{\"@id\":\"https:\\\/\\\/artforlife.es\\\/es\\\/#\\\/schema\\\/logo\\\/image\\\/\"},\"sameAs\":[\"https:\\\/\\\/x.com\\\/mirenlauzirika\",\"https:\\\/\\\/www.instagram.com\\\/miren_lauzirika\\\/\",\"https:\\\/\\\/www.linkedin.com\\\/in\\\/mirenlauzirika\\\/\"]}]}<\/script>\n<!-- \/ Yoast SEO plugin. -->","yoast_head_json":{"title":"Pol\u00edtica de cookies - Art for life!","robots":{"index":"index","follow":"follow","max-snippet":"max-snippet:-1","max-image-preview":"max-image-preview:large","max-video-preview":"max-video-preview:-1"},"canonical":"https:\/\/artforlife.es\/es\/politica-cookies\/","og_locale":"es_ES","og_type":"article","og_title":"Pol\u00edtica de cookies - Art for life!","og_url":"https:\/\/artforlife.es\/es\/politica-cookies\/","og_site_name":"Art for life!","article_modified_time":"2021-06-23T07:31:11+00:00","twitter_card":"summary_large_image","twitter_site":"@mirenlauzirika","twitter_misc":{"Tiempo de lectura":"4 minutos"},"schema":{"@context":"https:\/\/schema.org","@graph":[{"@type":"WebPage","@id":"https:\/\/artforlife.es\/es\/politica-cookies\/","url":"https:\/\/artforlife.es\/es\/politica-cookies\/","name":"Pol\u00edtica de cookies - Art for life!","isPartOf":{"@id":"https:\/\/artforlife.es\/es\/#website"},"datePublished":"2021-05-28T08:16:33+00:00","dateModified":"2021-06-23T07:31:11+00:00","breadcrumb":{"@id":"https:\/\/artforlife.es\/es\/politica-cookies\/#breadcrumb"},"inLanguage":"es","potentialAction":[{"@type":"ReadAction","target":["https:\/\/artforlife.es\/es\/politica-cookies\/"]}]},{"@type":"BreadcrumbList","@id":"https:\/\/artforlife.es\/es\/politica-cookies\/#breadcrumb","itemListElement":[{"@type":"ListItem","position":1,"name":"Portada","item":"https:\/\/artforlife.es\/"},{"@type":"ListItem","position":2,"name":"Pol\u00edtica de cookies"}]},{"@type":"WebSite","@id":"https:\/\/artforlife.es\/es\/#website","url":"https:\/\/artforlife.es\/es\/","name":"Art for life!","description":"Consultor\u00eda creativa y formaci\u00f3n","publisher":{"@id":"https:\/\/artforlife.es\/es\/#organization"},"potentialAction":[{"@type":"SearchAction","target":{"@type":"EntryPoint","urlTemplate":"https:\/\/artforlife.es\/es\/?s={search_term_string}"},"query-input":{"@type":"PropertyValueSpecification","valueRequired":true,"valueName":"search_term_string"}}],"inLanguage":"es"},{"@type":"Organization","@id":"https:\/\/artforlife.es\/es\/#organization","name":"Art for Life!","url":"https:\/\/artforlife.es\/es\/","logo":{"@type":"ImageObject","inLanguage":"es","@id":"https:\/\/artforlife.es\/es\/#\/schema\/logo\/image\/","url":"https:\/\/artforlife.es\/wp-content\/uploads\/2021\/04\/cropped-A.png","contentUrl":"https:\/\/artforlife.es\/wp-content\/uploads\/2021\/04\/cropped-A.png","width":512,"height":512,"caption":"Art for Life!"},"image":{"@id":"https:\/\/artforlife.es\/es\/#\/schema\/logo\/image\/"},"sameAs":["https:\/\/x.com\/mirenlauzirika","https:\/\/www.instagram.com\/miren_lauzirika\/","https:\/\/www.linkedin.com\/in\/mirenlauzirika\/"]}]}},"_links":{"self":[{"href":"https:\/\/artforlife.es\/es\/wp-json\/wp\/v2\/pages\/1265","targetHints":{"allow":["GET"]}}],"collection":[{"href":"https:\/\/artforlife.es\/es\/wp-json\/wp\/v2\/pages"}],"about":[{"href":"https:\/\/artforlife.es\/es\/wp-json\/wp\/v2\/types\/page"}],"author":[{"embeddable":true,"href":"https:\/\/artforlife.es\/es\/wp-json\/wp\/v2\/users\/1"}],"replies":[{"embeddable":true,"href":"https:\/\/artforlife.es\/es\/wp-json\/wp\/v2\/comments?post=1265"}],"version-history":[{"count":3,"href":"https:\/\/artforlife.es\/es\/wp-json\/wp\/v2\/pages\/1265\/revisions"}],"predecessor-version":[{"id":1393,"href":"https:\/\/artforlife.es\/es\/wp-json\/wp\/v2\/pages\/1265\/revisions\/1393"}],"wp:attachment":[{"href":"https:\/\/artforlife.es\/es\/wp-json\/wp\/v2\/media?parent=1265"}],"curies":[{"name":"wp","href":"https:\/\/api.w.org\/{rel}","templated":true}]}}