{"id":217,"date":"2021-03-25T14:17:18","date_gmt":"2021-03-25T14:17:18","guid":{"rendered":"https:\/\/artforlife.es\/?page_id=217"},"modified":"2025-02-26T07:27:23","modified_gmt":"2025-02-26T07:27:23","slug":"beneficios-de-las-metodologias-participativas","status":"publish","type":"page","link":"https:\/\/artforlife.es\/es\/beneficios-de-las-metodologias-participativas\/","title":{"rendered":"Beneficios"},"content":{"rendered":"<div class=\"vc_row wpb_row vc_row-fluid\"><div class=\"caja wpb_column vc_column_container vc_col-sm-12 vc_col-lg-12\"><div class=\"vc_column-inner\"><div class=\"wpb_wrapper\">\n\t<div class=\"wpb_text_column wpb_content_element \" >\n\t\t<div class=\"wpb_wrapper\">\n\t\t\t<h2><strong>METODOLOG\u00cdA<\/strong><\/h2>\n\n\t\t<\/div>\n\t<\/div>\n\n\t<div  class=\"wpb_single_image wpb_content_element vc_align_left   mancha_titulo\">\n\t\t\n\t\t<figure class=\"wpb_wrapper vc_figure\">\n\t\t\t<div class=\"vc_single_image-wrapper   vc_box_border_grey\"><img decoding=\"async\" width=\"326\" height=\"60\" data-src=\"https:\/\/artforlife.es\/wp-content\/uploads\/2021\/03\/mancha_azul3.jpg\" class=\"vc_single_image-img attachment-full lazyload\" alt=\"\" data-srcset=\"https:\/\/artforlife.es\/wp-content\/uploads\/2021\/03\/mancha_azul3.jpg 326w, https:\/\/artforlife.es\/wp-content\/uploads\/2021\/03\/mancha_azul3-300x55.jpg 300w, https:\/\/artforlife.es\/wp-content\/uploads\/2021\/03\/mancha_azul3-16x3.jpg 16w\" data-sizes=\"(max-width: 326px) 100vw, 326px\" src=\"data:image\/svg+xml;base64,PHN2ZyB3aWR0aD0iMSIgaGVpZ2h0PSIxIiB4bWxucz0iaHR0cDovL3d3dy53My5vcmcvMjAwMC9zdmciPjwvc3ZnPg==\" style=\"--smush-placeholder-width: 326px; --smush-placeholder-aspect-ratio: 326\/60;\" \/><\/div>\n\t\t<\/figure>\n\t<\/div>\n\n\t<div class=\"wpb_text_column wpb_content_element \" >\n\t\t<div class=\"wpb_wrapper\">\n\t\t\t<h1>\u00bfQu\u00e9 aportan las metodolog\u00edas participativas?<\/h1>\n\n\t\t<\/div>\n\t<\/div>\n<\/div><\/div><\/div><\/div><div class=\"vc_row wpb_row vc_row-fluid pordebajo\"><div class=\"wpb_column vc_column_container vc_col-sm-7 vc_col-lg-5 vc_col-md-5\"><div class=\"vc_column-inner\"><div class=\"wpb_wrapper\">\n\t<div class=\"wpb_text_column wpb_content_element \" >\n\t\t<div class=\"wpb_wrapper\">\n\t\t\t<p>Utilizar metodolog\u00edas participativas en las organizaciones dispara el potencial creativo y la capacidad de decidir porque <strong>unen lo creativo con lo racional.<\/strong><\/p>\n<p>Perm\u00edtete <strong>aprovechar el tiempo<\/strong> al m\u00e1ximo: Con estas metodolog\u00edas, el grupo avanza mientras despierta la <strong>motivaci\u00f3n y el aprendizaje<\/strong> significativo.<\/p>\n<p>Da pie a que la gente aporte lo que sabe. Por medio de preguntas clave, aflora tambi\u00e9n aquello que el grupo no sabe que no sabe, una <strong>toma de conciencia<\/strong> crucial <strong>para evolucionar.<\/strong><\/p>\n<p>Se genera <strong>un contexto de intercambio<\/strong> de experiencias e informaci\u00f3n: conocimiento compartido y profundo.<\/p>\n<p>Y esto a su vez aporta otro beneficio. Crear y afianzar las <strong>relaciones interpersonales<\/strong>: Como las din\u00e1micas de trabajo est\u00e1n orientadas a unir lo creativo con lo racional, ese \u00a1aha! <strong>genera complicidad e implicaci\u00f3n<\/strong>. Porque se dan pasos en temas importantes de forma amena, y la escucha mutua es una realidad.<\/p>\n\n\t\t<\/div>\n\t<\/div>\n<\/div><\/div><\/div><div class=\"top_veinte wpb_column vc_column_container vc_col-sm-4 vc_col-lg-offset-1 vc_col-lg-5 vc_col-md-offset-1 vc_col-md-5 vc_col-sm-offset-1\"><div class=\"vc_column-inner\"><div class=\"wpb_wrapper\"><figure class=\"caja\"><img decoding=\"async\" data-src=\"https:\/\/artforlife.es\/wp-content\/uploads\/2021\/04\/016_Art-for-life-Miren-Lauzirika-metodologias-participativas.jpg\" alt=\"\" src=\"data:image\/svg+xml;base64,PHN2ZyB3aWR0aD0iMSIgaGVpZ2h0PSIxIiB4bWxucz0iaHR0cDovL3d3dy53My5vcmcvMjAwMC9zdmciPjwvc3ZnPg==\" class=\"lazyload\" style=\"--smush-placeholder-width: 1080px; --smush-placeholder-aspect-ratio: 1080\/1080;\" \/><figcaption><\/figcaption><\/figure>\n\t<div class=\"wpb_text_column wpb_content_element  contacto herramientas_contacto\" >\n\t\t<div class=\"wpb_wrapper\">\n\t\t\t<h2 style=\"text-align: center;\">Contactar con<br \/>\nArt for Life<\/h2>\n\n\t\t<\/div>\n\t<\/div>\n\n\t<div class=\"wpb_raw_code wpb_content_element wpb_raw_html beneficios_dibujo_uno\" >\n\t\t<div class=\"wpb_wrapper\">\n\t\t\t<svg  viewBox=\"0 0 500 150\">\n  <path stroke-linecap=\"round\" stroke-linejoin=\"round\" class=\"st0\" d=\"M373.08,34.63a1008.61,1008.61,0,0,0-174.93-15.2c-56.52,0-115,5.37-164.59,32.47C17.67,60.59,1,76.26,5.74,93.75c4.3,15.88,23.25,22,39.41,25.06a994.77,994.77,0,0,0,294.61,12c34.69-3.77,69.51-9.46,101.89-22.46,17.57-7,35.13-17,44.65-33.37,4.27-7.35,6.72-16.19,4.62-24.43-4.68-18.35-27.41-24.22-46.22-26.43A1576,1576,0,0,0,161,16.52\"\/>\n<\/svg>\n\t\t<\/div>\n\t<\/div>\n<\/div><\/div><\/div><\/div><div class=\"vc_row wpb_row vc_row-fluid tres_columnas svg_bene_uno\"><div class=\"sin_padding caja_img wpb_column vc_column_container vc_col-sm-4 vc_col-lg-4 vc_hidden-xs\"><div class=\"vc_column-inner\"><div class=\"wpb_wrapper\"><figure class=\"\"><img decoding=\"async\" data-src=\"https:\/\/artforlife.es\/wp-content\/uploads\/2021\/04\/017-Art-for-life-Miren-Lauzirika-metodologias-participativas-ambiente-cohesion-.jpg\" alt=\"\" src=\"data:image\/svg+xml;base64,PHN2ZyB3aWR0aD0iMSIgaGVpZ2h0PSIxIiB4bWxucz0iaHR0cDovL3d3dy53My5vcmcvMjAwMC9zdmciPjwvc3ZnPg==\" class=\"lazyload\" style=\"--smush-placeholder-width: 904px; --smush-placeholder-aspect-ratio: 904\/791;\" \/><figcaption><\/figcaption><\/figure><\/div><\/div><\/div><div class=\"sin_padding caja_img wpb_column vc_column_container vc_col-sm-4\"><div class=\"vc_column-inner\"><div class=\"wpb_wrapper\"><figure class=\"\"><img decoding=\"async\" data-src=\"https:\/\/artforlife.es\/wp-content\/uploads\/2021\/04\/017-Art-for-life-Miren-Lauzirika-metodologias-participativas-ambiente-cohesion-b2.jpg\" alt=\"\" src=\"data:image\/svg+xml;base64,PHN2ZyB3aWR0aD0iMSIgaGVpZ2h0PSIxIiB4bWxucz0iaHR0cDovL3d3dy53My5vcmcvMjAwMC9zdmciPjwvc3ZnPg==\" class=\"lazyload\" style=\"--smush-placeholder-width: 903px; --smush-placeholder-aspect-ratio: 903\/791;\" \/><figcaption><\/figcaption><\/figure><\/div><\/div><\/div><div class=\"sin_padding caja_img wpb_column vc_column_container vc_col-sm-4\"><div class=\"vc_column-inner\"><div class=\"wpb_wrapper\"><figure class=\"\"><img decoding=\"async\" data-src=\"https:\/\/artforlife.es\/wp-content\/uploads\/2025\/02\/018Art-for-life-Miren-Lauzirika-metodologias-participativas-talento.jpg\" alt=\"\" src=\"data:image\/svg+xml;base64,PHN2ZyB3aWR0aD0iMSIgaGVpZ2h0PSIxIiB4bWxucz0iaHR0cDovL3d3dy53My5vcmcvMjAwMC9zdmciPjwvc3ZnPg==\" class=\"lazyload\" style=\"--smush-placeholder-width: 903px; --smush-placeholder-aspect-ratio: 903\/791;\" \/><figcaption><\/figcaption><\/figure><\/div><\/div><\/div><\/div><div class=\"vc_row wpb_row vc_row-fluid vc_row-o-content-middle vc_row-flex\"><div class=\"wpb_column vc_column_container vc_col-sm-3 vc_col-lg-offset-0 vc_col-lg-3\"><div class=\"vc_column-inner\"><div class=\"wpb_wrapper\">\n\t<div class=\"wpb_text_column wpb_content_element \" >\n\t\t<div class=\"wpb_wrapper\">\n\t\t\t<h2><strong>Tan importante como el \u201cqu\u00e9\u201d es el \u201cc\u00f3mo\u201d<\/strong><\/h2>\n\n\t\t<\/div>\n\t<\/div>\n\n\t<div class=\"wpb_raw_code wpb_content_element wpb_raw_html beneficios_dibujo_dos\" >\n\t\t<div class=\"wpb_wrapper\">\n\t\t\t<svg  viewBox=\"0 0 170 15\">\n  <path stroke-linecap=\"round\" stroke-linejoin=\"round\" class=\"st0\" d=\"M3.28,8.45C57.71,6.29,112.53,6.74,166.81,9.78\"\/>\n<\/svg>\n\t\t<\/div>\n\t<\/div>\n<\/div><\/div><\/div><div class=\"wpb_column vc_column_container vc_col-sm-8 vc_col-lg-offset-1 vc_col-lg-8\"><div class=\"vc_column-inner\"><div class=\"wpb_wrapper\">\n\t<div class=\"wpb_text_column wpb_content_element \" >\n\t\t<div class=\"wpb_wrapper\">\n\t\t\t<p>En las <a href=\"https:\/\/artforlife.es\/diseno-y-facilitacion-eventos-y-jornadas\/\">sesiones facilitadas<\/a> por Art for Life se crea un microclima <strong>lleno de esa atm\u00f3sfera eficiente e inspiradora a partes iguales.<\/strong><\/p>\n<p>Descubre cu\u00e1les son los beneficios de trabajar con metodolog\u00edas participativas en tu organizaci\u00f3n:<\/p>\n\n\t\t<\/div>\n\t<\/div>\n<\/div><\/div><\/div><\/div><div class=\"vc_row wpb_row vc_row-fluid ben_parti vc_row-o-equal-height vc_row-flex\"><div class=\"ben_parti_uno caja wpb_column vc_column_container vc_col-sm-12\"><div class=\"vc_column-inner\"><div class=\"wpb_wrapper\">\n\t<div class=\"wpb_text_column wpb_content_element \" >\n\t\t<div class=\"wpb_wrapper\">\n\t\t\t<h2 style=\"text-align: center;\">Benef\u00edciate de las metodolog\u00edas participativas<\/h2>\n\n\t\t<\/div>\n\t<\/div>\n\n\t<div  class=\"wpb_single_image wpb_content_element vc_align_right   mancha_bene\">\n\t\t\n\t\t<figure class=\"wpb_wrapper vc_figure\">\n\t\t\t<div class=\"vc_single_image-wrapper   vc_box_border_grey\"><img decoding=\"async\" width=\"652\" height=\"208\" data-src=\"https:\/\/artforlife.es\/wp-content\/uploads\/2021\/04\/mancha_pegote_2.png\" class=\"vc_single_image-img attachment-full lazyload\" alt=\"\" data-srcset=\"https:\/\/artforlife.es\/wp-content\/uploads\/2021\/04\/mancha_pegote_2.png 652w, https:\/\/artforlife.es\/wp-content\/uploads\/2021\/04\/mancha_pegote_2-300x96.png 300w, https:\/\/artforlife.es\/wp-content\/uploads\/2021\/04\/mancha_pegote_2-16x5.png 16w\" data-sizes=\"(max-width: 652px) 100vw, 652px\" src=\"data:image\/svg+xml;base64,PHN2ZyB3aWR0aD0iMSIgaGVpZ2h0PSIxIiB4bWxucz0iaHR0cDovL3d3dy53My5vcmcvMjAwMC9zdmciPjwvc3ZnPg==\" style=\"--smush-placeholder-width: 652px; --smush-placeholder-aspect-ratio: 652\/208;\" \/><\/div>\n\t\t<\/figure>\n\t<\/div>\n<\/div><\/div><\/div><div class=\"ben_parti_dos caja wpb_column vc_column_container vc_col-sm-3 vc_col-lg-3\"><div class=\"vc_column-inner\"><div class=\"wpb_wrapper\">\n\t<div class=\"wpb_text_column wpb_content_element \" >\n\t\t<div class=\"wpb_wrapper\">\n\t\t\t<h2 style=\"text-align: left;\"><strong>Crea un ambiente saludable<\/strong><\/h2>\n\n\t\t<\/div>\n\t<\/div>\n\n\t<div class=\"wpb_text_column wpb_content_element \" >\n\t\t<div class=\"wpb_wrapper\">\n\t\t\t<p>Imagina la diferencia al generar un espacio libre de juicio cr\u00edtico excesivo. Art for Life trabaja con <strong>&#8220;tensi\u00f3n positiva&#8221;<\/strong> y es lo que permite dar pasos significativos en un tiempo limitado.<\/p>\n\n\t\t<\/div>\n\t<\/div>\n<\/div><\/div><\/div><div class=\"ben_parti_dos caja wpb_column vc_column_container vc_col-sm-3 vc_col-lg-3\"><div class=\"vc_column-inner\"><div class=\"wpb_wrapper\">\n\t<div class=\"wpb_text_column wpb_content_element \" >\n\t\t<div class=\"wpb_wrapper\">\n\t\t\t<h2 style=\"text-align: left;\"><strong>Favorece la cohesi\u00f3n entre las personas<\/strong><\/h2>\n\n\t\t<\/div>\n\t<\/div>\n\n\t<div class=\"wpb_text_column wpb_content_element \" >\n\t\t<div class=\"wpb_wrapper\">\n\t\t\t<p>Cada participante tiene una perspectiva distinta, unas motivaciones y necesidades. Cuando esas visiones diversas <strong>se sienten c\u00f3modas para ser ellas mismas<\/strong>, el equipo <strong>explora m\u00e1s unido<\/strong> y descubre nuevos escenarios.<\/p>\n\n\t\t<\/div>\n\t<\/div>\n<\/div><\/div><\/div><div class=\"ben_parti_tres caja wpb_column vc_column_container vc_col-sm-3 vc_col-lg-3\"><div class=\"vc_column-inner\"><div class=\"wpb_wrapper\">\n\t<div class=\"wpb_text_column wpb_content_element \" >\n\t\t<div class=\"wpb_wrapper\">\n\t\t\t<h2 style=\"text-align: left;\"><strong>Activa los talentos individuales<\/strong><\/h2>\n\n\t\t<\/div>\n\t<\/div>\n\n\t<div class=\"wpb_text_column wpb_content_element \" >\n\t\t<div class=\"wpb_wrapper\">\n\t\t\t<p>Mediante din\u00e1micas que persiguen generar un \u201cdarse cuenta\u201d, <strong><a href=\"https:\/\/artforlife.es\/consultoria-creativa-para-empresas\/\">afloran<\/a> <a href=\"https:\/\/artforlife.es\/consultoria-creativa-para-empresas\/\">las reflexiones<\/a> <a href=\"https:\/\/artforlife.es\/consultoria-creativa-para-empresas\/\">individuales<\/a> <a href=\"https:\/\/artforlife.es\/consultoria-creativa-para-empresas\/\">y colectivas<\/a>.<\/strong> Es pasar del EGOsistema al ECOsistema.<\/p>\n\n\t\t<\/div>\n\t<\/div>\n<\/div><\/div><\/div><div class=\"ben_parti_cinco caja wpb_column vc_column_container vc_col-sm-3 vc_col-lg-3\"><div class=\"vc_column-inner\"><div class=\"wpb_wrapper\">\n\t<div class=\"wpb_text_column wpb_content_element \" >\n\t\t<div class=\"wpb_wrapper\">\n\t\t\t<h2 style=\"text-align: left;\"><strong>Avanza en en el modo de pensar<\/strong><\/h2>\n\n\t\t<\/div>\n\t<\/div>\n\n\t<div class=\"wpb_text_column wpb_content_element \" >\n\t\t<div class=\"wpb_wrapper\">\n\t\t\t<p>Las <strong><a href=\"https:\/\/artforlife.es\/metodologias-participativas-y-creativas\/\">metodolog\u00edas<\/a> <a href=\"https:\/\/artforlife.es\/metodologias-participativas-y-creativas\/\">participativas<\/a><\/strong> consiguen que las personas se enfoquen en lo verdaderamente importante.<\/p>\n\n\t\t<\/div>\n\t<\/div>\n<\/div><\/div><\/div><\/div><div class=\"vc_row wpb_row vc_row-fluid\"><div class=\"caja_img margen_movil wpb_column vc_column_container vc_col-sm-6 vc_col-lg-6\"><div class=\"vc_column-inner\"><div class=\"wpb_wrapper\"><figure class=\"\"><img decoding=\"async\" data-src=\"https:\/\/artforlife.es\/wp-content\/uploads\/2021\/04\/019-Art-for-life-Miren-Lauzirika-metodologias-participativas-resultados.jpg\" alt=\"\" src=\"data:image\/svg+xml;base64,PHN2ZyB3aWR0aD0iMSIgaGVpZ2h0PSIxIiB4bWxucz0iaHR0cDovL3d3dy53My5vcmcvMjAwMC9zdmciPjwvc3ZnPg==\" class=\"lazyload\" style=\"--smush-placeholder-width: 1446px; --smush-placeholder-aspect-ratio: 1446\/1080;\" \/><figcaption><\/figcaption><\/figure><\/div><\/div><\/div><div class=\"wpb_column vc_column_container vc_col-sm-5 vc_col-lg-offset-1 vc_col-lg-4 vc_col-md-offset-1 vc_col-md-4 vc_col-sm-offset-1\"><div class=\"vc_column-inner\"><div class=\"wpb_wrapper\">\n\t<div class=\"wpb_text_column wpb_content_element  margen_movil\" >\n\t\t<div class=\"wpb_wrapper\">\n\t\t\t<p>Art for Life comparte contigo <strong>una visi\u00f3n resolutiva de la creatividad:<\/strong><\/p>\n<p>Cuando <strong>las ideas<\/strong> del grupo est\u00e1n poco definidas, pone todas las herramientas necesarias en acci\u00f3n para <strong>bajarlas a lo concreto.<\/strong><\/p>\n<p>Si el ambiente durante el proceso est\u00e1 demasiado pegado a lo de siempre, las din\u00e1micas<br \/>\ngrupales hacen <strong>aflorar la imaginaci\u00f3n.<\/strong><\/p>\n\n\t\t<\/div>\n\t<\/div>\n\n\t<div class=\"wpb_text_column wpb_content_element \" >\n\t\t<div class=\"wpb_wrapper\">\n\t\t\t<h2><strong>\u00a0\u00bfQuieres saber m\u00e1s?<\/strong><\/h2>\n\n\t\t<\/div>\n\t<\/div>\n\n\t<div class=\"wpb_text_column wpb_content_element  contacto\" >\n\t\t<div class=\"wpb_wrapper\">\n\t\t\t<h2>\u00a0Contacta con Art for Life<\/h2>\n\n\t\t<\/div>\n\t<\/div>\n\n\t<div class=\"wpb_raw_code wpb_content_element wpb_raw_html beneficios_dibujo_tres\" >\n\t\t<div class=\"wpb_wrapper\">\n\t\t\t<svg  viewBox=\"0 0 500 150\">\n  <path stroke-linecap=\"round\" stroke-linejoin=\"round\" class=\"st0\" d=\"M373.08,34.63a1008.61,1008.61,0,0,0-174.93-15.2c-56.52,0-115,5.37-164.59,32.47C17.67,60.59,1,76.26,5.74,93.75c4.3,15.88,23.25,22,39.41,25.06a994.77,994.77,0,0,0,294.61,12c34.69-3.77,69.51-9.46,101.89-22.46,17.57-7,35.13-17,44.65-33.37,4.27-7.35,6.72-16.19,4.62-24.43-4.68-18.35-27.41-24.22-46.22-26.43A1576,1576,0,0,0,161,16.52\"\/>\n<\/svg>\n\t\t<\/div>\n\t<\/div>\n<\/div><\/div><\/div><\/div><div class=\"vc_row wpb_row vc_row-fluid svg_bene_tres\"><div class=\"wpb_column vc_column_container vc_col-sm-12 vc_col-sm-offset-0 vc_col-xs-12\"><div class=\"vc_column-inner\"><div class=\"wpb_wrapper\">\n\t<div class=\"wpb_text_column wpb_content_element \" >\n\t\t<div class=\"wpb_wrapper\">\n\t\t\t<h2 style=\"text-align: center;\">Descubre m\u00e1s sobre c\u00f3mo trabaja <span class=\"br_descubre\"><br \/>\n<\/span>Art for Life<\/h2>\n\n\t\t<\/div>\n\t<\/div>\n<\/div><\/div><\/div><div class=\"descubre metodologia wpb_column vc_column_container vc_col-sm-4 vc_col-lg-4 vc_col-xs-12\"><div class=\"vc_column-inner\"><div class=\"wpb_wrapper\">\n\t<div class=\"wpb_text_column wpb_content_element  translation-block\" >\n\t\t<div class=\"wpb_wrapper\">\n\t\t\t<h2 style=\"text-align: center;\"><a href=\"https:\/\/artforlife.es\/metodologias-participativas-y-creativas\/\"><strong>Metodolog\u00edas participativas<\/strong><\/a><\/h2>\n\n\t\t<\/div>\n\t<\/div>\n<\/div><\/div><\/div><div class=\"descubre metodologia wpb_column vc_column_container vc_col-sm-4 vc_col-lg-4 vc_col-xs-12\"><div class=\"vc_column-inner\"><div class=\"wpb_wrapper\">\n\t<div class=\"wpb_text_column wpb_content_element  translation-block\" >\n\t\t<div class=\"wpb_wrapper\">\n\t\t\t<h2 style=\"text-align: center;\"><a href=\"https:\/\/artforlife.es\/herramientas-metodologicas-desarrollar-creatividad\/\"><strong>Las herramientas <\/strong><\/a><\/h2>\n\n\t\t<\/div>\n\t<\/div>\n<\/div><\/div><\/div><div class=\"descubre sobre wpb_column vc_column_container vc_col-sm-4 vc_col-lg-4 vc_col-xs-12\"><div class=\"vc_column-inner\"><div class=\"wpb_wrapper\">\n\t<div class=\"wpb_text_column wpb_content_element  translation-block\" >\n\t\t<div class=\"wpb_wrapper\">\n\t\t\t<h2 style=\"text-align: center;\"><a href=\"https:\/\/artforlife.es\/miren-lauzirika-y-red-colaboradora\/\"><strong>Sobre Art for Life<\/strong><\/a><\/h2>\n\n\t\t<\/div>\n\t<\/div>\n<\/div><\/div><\/div><\/div>\n","protected":false},"excerpt":{"rendered":"METODOLOG\u00cdA \u00bfQu\u00e9 aportan las metodolog\u00edas participativas? Utilizar metodolog\u00edas participativas en las organizaciones dispara el potencial creativo y la capacidad de decidir porque unen lo creativo con lo racional. Perm\u00edtete aprovechar el tiempo al m\u00e1ximo: Con estas metodolog\u00edas, el grupo avanza mientras despierta la motivaci\u00f3n y el aprendizaje significativo. Da pie a que la gente aporte [...]","protected":false},"author":1,"featured_media":0,"parent":0,"menu_order":0,"comment_status":"closed","ping_status":"closed","template":"","meta":{"footnotes":""},"class_list":["post-217","page","type-page","status-publish","hentry"],"yoast_head":"<!-- This site is optimized with the Yoast SEO plugin v27.4 - https:\/\/yoast.com\/product\/yoast-seo-wordpress\/ -->\n<title>Qu\u00e9 aportan las metodolog\u00edas participativas - Art for life!<\/title>\n<meta name=\"description\" content=\"Descubre cu\u00e1les son los beneficios que aportan las metodolog\u00edas participativas a las organizaciones. Contacta con Art for Life y ponlas en pr\u00e1ctica.\" \/>\n<meta name=\"robots\" content=\"index, follow, max-snippet:-1, max-image-preview:large, max-video-preview:-1\" \/>\n<link rel=\"canonical\" href=\"https:\/\/artforlife.es\/es\/beneficios-de-las-metodologias-participativas\/\" \/>\n<meta property=\"og:locale\" content=\"es_ES\" \/>\n<meta property=\"og:type\" content=\"article\" \/>\n<meta property=\"og:title\" content=\"Qu\u00e9 aportan las metodolog\u00edas participativas - Art for life!\" \/>\n<meta property=\"og:description\" content=\"Descubre cu\u00e1les son los beneficios que aportan las metodolog\u00edas participativas a las organizaciones. Contacta con Art for Life y ponlas en pr\u00e1ctica.\" \/>\n<meta property=\"og:url\" content=\"https:\/\/artforlife.es\/es\/beneficios-de-las-metodologias-participativas\/\" \/>\n<meta property=\"og:site_name\" content=\"Art for life!\" \/>\n<meta property=\"article:modified_time\" content=\"2025-02-26T07:27:23+00:00\" \/>\n<meta name=\"twitter:card\" content=\"summary_large_image\" \/>\n<meta name=\"twitter:site\" content=\"@mirenlauzirika\" \/>\n<meta name=\"twitter:label1\" content=\"Tiempo de lectura\" \/>\n\t<meta name=\"twitter:data1\" content=\"3 minutos\" \/>\n<script type=\"application\/ld+json\" class=\"yoast-schema-graph\">{\"@context\":\"https:\\\/\\\/schema.org\",\"@graph\":[{\"@type\":\"WebPage\",\"@id\":\"https:\\\/\\\/artforlife.es\\\/beneficios-de-las-metodologias-participativas\\\/\",\"url\":\"https:\\\/\\\/artforlife.es\\\/beneficios-de-las-metodologias-participativas\\\/\",\"name\":\"Qu\u00e9 aportan las metodolog\u00edas participativas - Art for life!\",\"isPartOf\":{\"@id\":\"https:\\\/\\\/artforlife.es\\\/es\\\/#website\"},\"datePublished\":\"2021-03-25T14:17:18+00:00\",\"dateModified\":\"2025-02-26T07:27:23+00:00\",\"description\":\"Descubre cu\u00e1les son los beneficios que aportan las metodolog\u00edas participativas a las organizaciones. Contacta con Art for Life y ponlas en pr\u00e1ctica.\",\"breadcrumb\":{\"@id\":\"https:\\\/\\\/artforlife.es\\\/beneficios-de-las-metodologias-participativas\\\/#breadcrumb\"},\"inLanguage\":\"es\",\"potentialAction\":[{\"@type\":\"ReadAction\",\"target\":[\"https:\\\/\\\/artforlife.es\\\/beneficios-de-las-metodologias-participativas\\\/\"]}]},{\"@type\":\"BreadcrumbList\",\"@id\":\"https:\\\/\\\/artforlife.es\\\/beneficios-de-las-metodologias-participativas\\\/#breadcrumb\",\"itemListElement\":[{\"@type\":\"ListItem\",\"position\":1,\"name\":\"Portada\",\"item\":\"https:\\\/\\\/artforlife.es\\\/\"},{\"@type\":\"ListItem\",\"position\":2,\"name\":\"Beneficios\"}]},{\"@type\":\"WebSite\",\"@id\":\"https:\\\/\\\/artforlife.es\\\/es\\\/#website\",\"url\":\"https:\\\/\\\/artforlife.es\\\/es\\\/\",\"name\":\"Art for life!\",\"description\":\"Consultor\u00eda creativa y formaci\u00f3n\",\"publisher\":{\"@id\":\"https:\\\/\\\/artforlife.es\\\/es\\\/#organization\"},\"potentialAction\":[{\"@type\":\"SearchAction\",\"target\":{\"@type\":\"EntryPoint\",\"urlTemplate\":\"https:\\\/\\\/artforlife.es\\\/es\\\/?s={search_term_string}\"},\"query-input\":{\"@type\":\"PropertyValueSpecification\",\"valueRequired\":true,\"valueName\":\"search_term_string\"}}],\"inLanguage\":\"es\"},{\"@type\":\"Organization\",\"@id\":\"https:\\\/\\\/artforlife.es\\\/es\\\/#organization\",\"name\":\"Art for Life!\",\"url\":\"https:\\\/\\\/artforlife.es\\\/es\\\/\",\"logo\":{\"@type\":\"ImageObject\",\"inLanguage\":\"es\",\"@id\":\"https:\\\/\\\/artforlife.es\\\/es\\\/#\\\/schema\\\/logo\\\/image\\\/\",\"url\":\"https:\\\/\\\/artforlife.es\\\/wp-content\\\/uploads\\\/2021\\\/04\\\/cropped-A.png\",\"contentUrl\":\"https:\\\/\\\/artforlife.es\\\/wp-content\\\/uploads\\\/2021\\\/04\\\/cropped-A.png\",\"width\":512,\"height\":512,\"caption\":\"Art for Life!\"},\"image\":{\"@id\":\"https:\\\/\\\/artforlife.es\\\/es\\\/#\\\/schema\\\/logo\\\/image\\\/\"},\"sameAs\":[\"https:\\\/\\\/x.com\\\/mirenlauzirika\",\"https:\\\/\\\/www.instagram.com\\\/miren_lauzirika\\\/\",\"https:\\\/\\\/www.linkedin.com\\\/in\\\/mirenlauzirika\\\/\"]}]}<\/script>\n<!-- \/ Yoast SEO plugin. -->","yoast_head_json":{"title":"Qu\u00e9 aportan las metodolog\u00edas participativas - Art for life!","description":"Descubre cu\u00e1les son los beneficios que aportan las metodolog\u00edas participativas a las organizaciones. Contacta con Art for Life y ponlas en pr\u00e1ctica.","robots":{"index":"index","follow":"follow","max-snippet":"max-snippet:-1","max-image-preview":"max-image-preview:large","max-video-preview":"max-video-preview:-1"},"canonical":"https:\/\/artforlife.es\/es\/beneficios-de-las-metodologias-participativas\/","og_locale":"es_ES","og_type":"article","og_title":"Qu\u00e9 aportan las metodolog\u00edas participativas - Art for life!","og_description":"Descubre cu\u00e1les son los beneficios que aportan las metodolog\u00edas participativas a las organizaciones. Contacta con Art for Life y ponlas en pr\u00e1ctica.","og_url":"https:\/\/artforlife.es\/es\/beneficios-de-las-metodologias-participativas\/","og_site_name":"Art for life!","article_modified_time":"2025-02-26T07:27:23+00:00","twitter_card":"summary_large_image","twitter_site":"@mirenlauzirika","twitter_misc":{"Tiempo de lectura":"3 minutos"},"schema":{"@context":"https:\/\/schema.org","@graph":[{"@type":"WebPage","@id":"https:\/\/artforlife.es\/beneficios-de-las-metodologias-participativas\/","url":"https:\/\/artforlife.es\/beneficios-de-las-metodologias-participativas\/","name":"Qu\u00e9 aportan las metodolog\u00edas participativas - Art for life!","isPartOf":{"@id":"https:\/\/artforlife.es\/es\/#website"},"datePublished":"2021-03-25T14:17:18+00:00","dateModified":"2025-02-26T07:27:23+00:00","description":"Descubre cu\u00e1les son los beneficios que aportan las metodolog\u00edas participativas a las organizaciones. Contacta con Art for Life y ponlas en pr\u00e1ctica.","breadcrumb":{"@id":"https:\/\/artforlife.es\/beneficios-de-las-metodologias-participativas\/#breadcrumb"},"inLanguage":"es","potentialAction":[{"@type":"ReadAction","target":["https:\/\/artforlife.es\/beneficios-de-las-metodologias-participativas\/"]}]},{"@type":"BreadcrumbList","@id":"https:\/\/artforlife.es\/beneficios-de-las-metodologias-participativas\/#breadcrumb","itemListElement":[{"@type":"ListItem","position":1,"name":"Portada","item":"https:\/\/artforlife.es\/"},{"@type":"ListItem","position":2,"name":"Beneficios"}]},{"@type":"WebSite","@id":"https:\/\/artforlife.es\/es\/#website","url":"https:\/\/artforlife.es\/es\/","name":"Art for life!","description":"Consultor\u00eda creativa y formaci\u00f3n","publisher":{"@id":"https:\/\/artforlife.es\/es\/#organization"},"potentialAction":[{"@type":"SearchAction","target":{"@type":"EntryPoint","urlTemplate":"https:\/\/artforlife.es\/es\/?s={search_term_string}"},"query-input":{"@type":"PropertyValueSpecification","valueRequired":true,"valueName":"search_term_string"}}],"inLanguage":"es"},{"@type":"Organization","@id":"https:\/\/artforlife.es\/es\/#organization","name":"Art for Life!","url":"https:\/\/artforlife.es\/es\/","logo":{"@type":"ImageObject","inLanguage":"es","@id":"https:\/\/artforlife.es\/es\/#\/schema\/logo\/image\/","url":"https:\/\/artforlife.es\/wp-content\/uploads\/2021\/04\/cropped-A.png","contentUrl":"https:\/\/artforlife.es\/wp-content\/uploads\/2021\/04\/cropped-A.png","width":512,"height":512,"caption":"Art for Life!"},"image":{"@id":"https:\/\/artforlife.es\/es\/#\/schema\/logo\/image\/"},"sameAs":["https:\/\/x.com\/mirenlauzirika","https:\/\/www.instagram.com\/miren_lauzirika\/","https:\/\/www.linkedin.com\/in\/mirenlauzirika\/"]}]}},"_links":{"self":[{"href":"https:\/\/artforlife.es\/es\/wp-json\/wp\/v2\/pages\/217","targetHints":{"allow":["GET"]}}],"collection":[{"href":"https:\/\/artforlife.es\/es\/wp-json\/wp\/v2\/pages"}],"about":[{"href":"https:\/\/artforlife.es\/es\/wp-json\/wp\/v2\/types\/page"}],"author":[{"embeddable":true,"href":"https:\/\/artforlife.es\/es\/wp-json\/wp\/v2\/users\/1"}],"replies":[{"embeddable":true,"href":"https:\/\/artforlife.es\/es\/wp-json\/wp\/v2\/comments?post=217"}],"version-history":[{"count":68,"href":"https:\/\/artforlife.es\/es\/wp-json\/wp\/v2\/pages\/217\/revisions"}],"predecessor-version":[{"id":1498,"href":"https:\/\/artforlife.es\/es\/wp-json\/wp\/v2\/pages\/217\/revisions\/1498"}],"wp:attachment":[{"href":"https:\/\/artforlife.es\/es\/wp-json\/wp\/v2\/media?parent=217"}],"curies":[{"name":"wp","href":"https:\/\/api.w.org\/{rel}","templated":true}]}}