{"id":1265,"date":"2021-05-28T08:16:33","date_gmt":"2021-05-28T08:16:33","guid":{"rendered":"https:\/\/artforlife.es\/?page_id=1265"},"modified":"2021-06-23T07:31:11","modified_gmt":"2021-06-23T07:31:11","slug":"cookien-politika","status":"publish","type":"page","link":"https:\/\/artforlife.es\/eu\/cookien-politika\/","title":{"rendered":"Cookien politika"},"content":{"rendered":"<div class=\"vc_row wpb_row vc_row-fluid\"><div class=\"caja wpb_column vc_column_container vc_col-sm-10 vc_col-lg-10\"><div class=\"vc_column-inner\"><div class=\"wpb_wrapper\">\n\t<div class=\"wpb_text_column wpb_content_element\" >\n\t\t<div class=\"wpb_wrapper\">\n\t\t\t<h1>Cookien politika<\/h1>\n\n\t\t<\/div>\n\t<\/div>\n<\/div><\/div><\/div><\/div><div class=\"vc_row wpb_row vc_row-fluid texto_about_peque\"><div class=\"wpb_column vc_column_container vc_col-sm-12 vc_col-lg-12\"><div class=\"vc_column-inner\"><div class=\"wpb_wrapper\">\n\t<div class=\"wpb_text_column wpb_content_element\" >\n\t\t<div class=\"wpb_wrapper\">\n\t\t\t<p class=\"p3\">Egungo araudiak behartzen gaitu cookie-ak zer diren jakinaraztera. Azukrerik eta gehigarririk gabe.<\/p>\n<p class=\"p3\">Webgune honek norberaren eta hirugarrenen cookie-ak erabiltzen ditu nabigazio-esperientzia hobea emateko, edukia sare sozialetan partekatzeko eta erabiltzaileen estatistikak lortzeko.<\/p>\n<p class=\"p3 translation-block\">Cookie-ak deskargatzea ekidin dezakezu zure nabigatzailearen konfigurazio egokiaren bidez; horrela, cookie-ak zure disko gogorrean biltegiratzea saihestuko duzu.<\/p>\n<p class=\"p3\">Ez dugu cookie-etatik datorren informazio pertsonalik erabiltzen, bisiten estatistika orokorrak baino ez, eta horiek ez dute inola ere inongo informazio pertsonalera igortzen.<span class=\"s2\">.<\/span><\/p>\n<p>&nbsp;<\/p>\n<p class=\"p3\"><b>Zer dira cookie-ak?<\/b><\/p>\n<p class=\"p4\">Cookie bat testu-zati txiki bat da, bisitatzen dituzun webguneek nabigatzaileari bidaltzen diotena, eta aukera ematen duena webguneak zure bisitari buruzko informazioa gogora dezan, hala nola zure hizkuntza gogokoena eta beste aukera batzuk, hurrengo bisita errazteko eta gunea erabilgarriagoa izan dadin. Cookie-ek oso paper garrantzitsua betetzen dute eta erabiltzailearentzat nabigazio-esperientzia hobea izaten laguntzen dute.<\/p>\n<p>&nbsp;<\/p>\n<p class=\"p5\"><b>Nola ezaba ditzakezu cookie-ak?<\/b><\/p>\n<p class=\"p5\">Zure nabigatzailea erabiliz, cookie-ak gure webgunetik edo beste edozein webgunetatik murriztu, blokeatu edo ezabatu ditzakezu. Nabigatzaile bakoitzean, eragiketa desberdina da:<\/p>\n<p class=\"p6\"><span class=\"s1\">Google Chrome (Erremintak menuan)<\/span><\/p>\n<p class=\"p6\">Konfigurazioa &gt;Aukera aurreratuak erakutsi &gt;Pribatutasuna (Edukiaren konfigurazioa) &gt;cookieak<\/p>\n<p class=\"p6\">Informazio gehiago: <a href=\"https:\/\/support.google.com\/chrome\/answer\/95647?hl=es\"><span class=\"s1\">https:\/\/support.google.com\/chrome\/answer\/95647?hl=es<\/span><\/a><\/p>\n<p class=\"p8\"><span class=\"s1\">Microsoft Internet Explorer (en el Men\u00fa Herramientas)<\/span><\/p>\n<p class=\"p8\">Opciones de Internet&gt;Privacidad&gt;Avanzada<\/p>\n<p class=\"p8\">Informazio gehiago: <a href=\"http:\/\/windows.microsoft.com\/es-es\/internet-explorer\/delete-manage-cookies%23ie=ie-9\"><span class=\"s1\">http:\/\/windows.microsoft.com\/es-es\/internet-explorer\/delete-manage-cookies#ie=ie-9<\/span><\/a><\/p>\n<p class=\"p8\"><span class=\"s1\">Firefox<\/span><\/p>\n<p class=\"p8\">Interneteko aukerak &gt;Pribatutasuna &gt;Aurreratua<\/p>\n<p class=\"p8\">Informazio gehiago: <a href=\"http:\/\/support.mozilla.org\/es\/kb\/habilitar-y-deshabilitar-coolies-que-los-sitios-we\"><span class=\"s1\">http:\/\/support.mozilla.org\/es\/kb\/habilitar-y-deshabilitar-coolies-que-los-sitios-we<\/span><\/a><\/p>\n<p class=\"p8\"><span class=\"s1\">Safari, iPad eta iPhone<\/span><\/p>\n<p class=\"p8\">Lehentasunak &gt; Pribatutasuna<\/p>\n<p class=\"p8\">Informazio gehiago: <a href=\"http:\/\/www.apple.com\/es\/privacy\/use-of-cookies\/\"><span class=\"s1\">http:\/\/www.apple.com\/es\/privacy\/use-of-cookies\/<\/span><\/a><\/p>\n<p class=\"p8\"><span class=\"s1\">Opera<\/span><\/p>\n<p class=\"p8\">Konfigurazioa&gt;Aukerak &gt;Aurreratuak&gt;Cookieak<\/p>\n<p class=\"p8\">Informazio gehiago: <a href=\"http:\/\/help.opera.com\/Linux\/10.60\/es-ES\/cookies.html\"><span class=\"s1\">http:\/\/help.opera.com\/Linux\/10.60\/es-ES\/cookies.html<\/span><\/a><\/p>\n<p>&nbsp;<\/p>\n<p class=\"p11\"><b>Cookie-ei buruzko ohartarazpen garrantzitsua<\/b><\/p>\n<p class=\"p3\">Internetek eta webguneek nola funtzionatzen duten kontuan hartuta, ez dugu beti izaten hirugarren aldeek gure webgunearen bidez erabil ditzaketen cookieei buruzko informaziorik.<\/p>\n<p class=\"p3\">Hori bereziki aplikatzen da gure web-orriak elementu integratuak dituen kasuetan: hau da, beste nonbait gordetzen diren testuak, dokumentuak, irudiak edo film laburrak, baina gure webgunean edo haren bidez erakusten direnak.<\/p>\n<p>&nbsp;<\/p>\n<p class=\"p12\"><b>\u00a0Zein cookie erabiltzen ditu webgune honek?<\/b><\/p>\n<p>&nbsp;<\/p>\n<p class=\"p13\"><b>Cookie propioak:<span class=\"Apple-converted-space\">\u00a0<\/span><\/b><\/p>\n<p class=\"p13\"><b>Berezko cookie-ak erabiltzen ditugu, saiokoak, helburu teknikoarekin. Cookie horiei esker, erabiltzaileak webgunearen bidez nabigatu ahal izango du eta bertan dauden aukerak eta zerbitzuak erabili ahal izango ditu.<\/b><\/p>\n<p class=\"p3\"><b>Hirugarrenen cookie-ak:<\/b><\/p>\n<p class=\"p14 translation-block\">Webgune honek Google Analytics erabiltzen du, Googlek ematen duen web zerbitzu analitikoa, Inc., Delawareko konpainia bat, 1600 Amphitheatre Parkway, Mountain View (Kalifornia), ca 94043, Estatu Batuak (\"Google\").<\/p>\n<p class=\"p4\">Web-analitikaren bidez, honako hauei buruzko informazioa lortzen da: webgunera sartzen diren erabiltzaileen kopurua, ikusitako orrialdeen kopurua, bisiten maiztasuna eta errepikapena, iraupena, erabilitako nabigatzailea, zerbitzua ematen duen operadorea, hizkuntza, erabiltzen duen terminala eta IP helbidea esleituta duen hiria. Atari honek zerbitzu hobea eta egokiagoa emateko aukera ematen duen informazioa.<\/p>\n<p class=\"p5\">Anonimotasuna bermatzeko, Googlek bere informazioa anonimo bihurtuko du, IP helbidea moztuz biltegiratu aurretik; horrela, Google Analytics ez da erabiltzen webguneko bisitarien informazio pertsonal identifikagarria aurkitzeko edo biltzeko. Google Analyticsek bildutako informazioa legez horretara behartuta dagoenean bakarrik bidali ahal izango die Googlek hirugarrenei. Google Analytics zerbitzua emateko baldintzen arabera, Googlek ez du bere IP helbidea Googlek gordetako beste datu batekin lotuko.<\/p>\n<p>&nbsp;<\/p>\n<p class=\"p16\"><b>Cookies de redes sociales<\/b><\/p>\n<p class=\"p16\">Las Cookies de redes sociales \u00a0pueden almacenarse en tu navegador mientras navegas por nuestra web, por ejemplo, cuando utiliza el bot\u00f3n de compartir contenidos de nuestro sitio web en alguna red social.<b>\u00a0<\/b><\/p>\n<p class=\"p4\">Las empresas que generan estas cookies correspondientes a las\u00a0 redes sociales que utiliza esta web\u00a0 tienen sus propias pol\u00edticas de cookies.<\/p>\n<ul class=\"ul1\">\n<li class=\"li17 translation-block\"><span class=\"s5\">Cookies de Twitter, seg\u00fan lo dispuesto en su&nbsp;<a href=\"https:\/\/twitter.com\/privacy\" target=\"_self\">pol\u00edtica de privacidad y uso de cookies<\/a><\/span> <span class=\"s7\">https:\/\/help.twitter.com\/es\/rules-and-policies\/twitter-cookies<\/span><\/li>\n<li class=\"li17 translation-block\"><span class=\"s5\">Cookies de Facebook, seg\u00fan lo dispuesto en su&nbsp;<a href=\"https:\/\/www.facebook.com\/help\/cookies?ref_type=sitefooter\" target=\"_self\">Pol\u00edtica de Cookies<\/a><\/span><span class=\"s6\"> <a href=\"https:\/\/es-es.facebook.com\/policies\/cookies\/\" target=\"_self\"><span class=\"s8\">https:\/\/es-es.facebook.com\/policies\/cookies\/<\/span><\/a><\/span><\/li>\n<li class=\"li17\"><span class=\"s5\">Cookies de Linkedin, seg\u00fan lo dispuesto en su pol\u00edtica de privacidad y uso de cookies <a href=\"https:\/\/www.linkedin.com\/legal\/cookie-policy?_l=es_ES\"><span class=\"s1\">https:\/\/www.linkedin.com\/legal\/cookie-policy?_l=es_ES<\/span><\/a><\/span><\/li>\n<li class=\"li18 translation-block\"><span class=\"s5\">Cookies de Google, seg\u00fan lo dispuesto en su pol\u00edtica de privacidad y uso de cookies <\/span><span class=\"s7\">https:\/\/policies.google.com\/technologies\/cookies?hl=es-419<\/span><\/li>\n<\/ul>\n<p class=\"p3\">Si deseas tener un mayor control sobre la instalaci\u00f3n de cookies, puedes instalar programas o complementos a tu navegador, conocidos como herramientas de \u201cDo Not Track\u201d, que te permitir\u00e1n escoger aquellas cookies que deseas permitir.<\/p>\n\n\t\t<\/div>\n\t<\/div>\n<\/div><\/div><\/div><\/div>","protected":false},"excerpt":{"rendered":"Pol\u00edtica de Cookies La normativa actual nos obliga a informarte de qu\u00e9 son las cookies. Sin az\u00facar ni aditivos. Esta web utiliza cookies propias y de terceros para proporcionarte una mejor experiencia de navegaci\u00f3n, compartir contenido en redes sociales y para obtener estad\u00edsticas de usuarios. Puedes evitar la descarga de cookies\u00a0bloque\u00e1ndolas\u00a0mediante la configuraci\u00f3n apropiada de [...]","protected":false},"author":1,"featured_media":0,"parent":0,"menu_order":0,"comment_status":"closed","ping_status":"closed","template":"","meta":{"footnotes":""},"class_list":["post-1265","page","type-page","status-publish","hentry"],"yoast_head":"<!-- This site is optimized with the Yoast SEO plugin v27.5 - https:\/\/yoast.com\/product\/yoast-seo-wordpress\/ -->\n<title>Pol\u00edtica de cookies - Art for life!<\/title>\n<meta name=\"robots\" content=\"index, follow, max-snippet:-1, max-image-preview:large, max-video-preview:-1\" \/>\n<link rel=\"canonical\" href=\"https:\/\/artforlife.es\/eu\/cookien-politika\/\" \/>\n<meta property=\"og:locale\" content=\"en_US\" \/>\n<meta property=\"og:type\" content=\"article\" \/>\n<meta property=\"og:title\" content=\"Pol\u00edtica de cookies - Art for life!\" \/>\n<meta property=\"og:url\" content=\"https:\/\/artforlife.es\/eu\/cookien-politika\/\" \/>\n<meta property=\"og:site_name\" content=\"Art for life!\" \/>\n<meta property=\"article:modified_time\" content=\"2021-06-23T07:31:11+00:00\" \/>\n<meta name=\"twitter:card\" content=\"summary_large_image\" \/>\n<meta name=\"twitter:site\" content=\"@mirenlauzirika\" \/>\n<meta name=\"twitter:label1\" content=\"Est. reading time\" \/>\n\t<meta name=\"twitter:data1\" content=\"4 minutua\" \/>\n<script type=\"application\/ld+json\" class=\"yoast-schema-graph\">{\"@context\":\"https:\\\/\\\/schema.org\",\"@graph\":[{\"@type\":\"WebPage\",\"@id\":\"https:\\\/\\\/artforlife.es\\\/es\\\/politica-cookies\\\/\",\"url\":\"https:\\\/\\\/artforlife.es\\\/es\\\/politica-cookies\\\/\",\"name\":\"Pol\u00edtica de cookies - Art for life!\",\"isPartOf\":{\"@id\":\"https:\\\/\\\/artforlife.es\\\/es\\\/#website\"},\"datePublished\":\"2021-05-28T08:16:33+00:00\",\"dateModified\":\"2021-06-23T07:31:11+00:00\",\"breadcrumb\":{\"@id\":\"https:\\\/\\\/artforlife.es\\\/es\\\/politica-cookies\\\/#breadcrumb\"},\"inLanguage\":\"eu\",\"potentialAction\":[{\"@type\":\"ReadAction\",\"target\":[\"https:\\\/\\\/artforlife.es\\\/es\\\/politica-cookies\\\/\"]}]},{\"@type\":\"BreadcrumbList\",\"@id\":\"https:\\\/\\\/artforlife.es\\\/es\\\/politica-cookies\\\/#breadcrumb\",\"itemListElement\":[{\"@type\":\"ListItem\",\"position\":1,\"name\":\"Portada\",\"item\":\"https:\\\/\\\/artforlife.es\\\/\"},{\"@type\":\"ListItem\",\"position\":2,\"name\":\"Pol\u00edtica de cookies\"}]},{\"@type\":\"WebSite\",\"@id\":\"https:\\\/\\\/artforlife.es\\\/es\\\/#website\",\"url\":\"https:\\\/\\\/artforlife.es\\\/es\\\/\",\"name\":\"Art for life!\",\"description\":\"Consultor\u00eda creativa y formaci\u00f3n\",\"publisher\":{\"@id\":\"https:\\\/\\\/artforlife.es\\\/es\\\/#organization\"},\"potentialAction\":[{\"@type\":\"SearchAction\",\"target\":{\"@type\":\"EntryPoint\",\"urlTemplate\":\"https:\\\/\\\/artforlife.es\\\/es\\\/?s={search_term_string}\"},\"query-input\":{\"@type\":\"PropertyValueSpecification\",\"valueRequired\":true,\"valueName\":\"search_term_string\"}}],\"inLanguage\":\"eu\"},{\"@type\":\"Organization\",\"@id\":\"https:\\\/\\\/artforlife.es\\\/es\\\/#organization\",\"name\":\"Art for Life!\",\"url\":\"https:\\\/\\\/artforlife.es\\\/es\\\/\",\"logo\":{\"@type\":\"ImageObject\",\"inLanguage\":\"eu\",\"@id\":\"https:\\\/\\\/artforlife.es\\\/es\\\/#\\\/schema\\\/logo\\\/image\\\/\",\"url\":\"https:\\\/\\\/artforlife.es\\\/wp-content\\\/uploads\\\/2021\\\/04\\\/cropped-A.png\",\"contentUrl\":\"https:\\\/\\\/artforlife.es\\\/wp-content\\\/uploads\\\/2021\\\/04\\\/cropped-A.png\",\"width\":512,\"height\":512,\"caption\":\"Art for Life!\"},\"image\":{\"@id\":\"https:\\\/\\\/artforlife.es\\\/es\\\/#\\\/schema\\\/logo\\\/image\\\/\"},\"sameAs\":[\"https:\\\/\\\/x.com\\\/mirenlauzirika\",\"https:\\\/\\\/www.instagram.com\\\/miren_lauzirika\\\/\",\"https:\\\/\\\/www.linkedin.com\\\/in\\\/mirenlauzirika\\\/\"]}]}<\/script>\n<!-- \/ Yoast SEO plugin. -->","yoast_head_json":{"title":"Cookien politika - Art for life!","robots":{"index":"index","follow":"follow","max-snippet":"max-snippet:-1","max-image-preview":"max-image-preview:large","max-video-preview":"max-video-preview:-1"},"canonical":"https:\/\/artforlife.es\/eu\/cookien-politika\/","og_locale":"en_US","og_type":"article","og_title":"Pol\u00edtica de cookies - Art for life!","og_url":"https:\/\/artforlife.es\/eu\/cookien-politika\/","og_site_name":"Art for life!","article_modified_time":"2021-06-23T07:31:11+00:00","twitter_card":"summary_large_image","twitter_site":"@mirenlauzirika","twitter_misc":{"Est. reading time":"4 minutua"},"schema":{"@context":"https:\/\/schema.org","@graph":[{"@type":"WebPage","@id":"https:\/\/artforlife.es\/es\/politica-cookies\/","url":"https:\/\/artforlife.es\/es\/politica-cookies\/","name":"Cookien politika - Art for life!","isPartOf":{"@id":"https:\/\/artforlife.es\/es\/#website"},"datePublished":"2021-05-28T08:16:33+00:00","dateModified":"2021-06-23T07:31:11+00:00","breadcrumb":{"@id":"https:\/\/artforlife.es\/es\/politica-cookies\/#breadcrumb"},"inLanguage":"eu","potentialAction":[{"@type":"ReadAction","target":["https:\/\/artforlife.es\/es\/politica-cookies\/"]}]},{"@type":"BreadcrumbList","@id":"https:\/\/artforlife.es\/es\/politica-cookies\/#breadcrumb","itemListElement":[{"@type":"ListItem","position":1,"name":"Portada","item":"https:\/\/artforlife.es\/"},{"@type":"ListItem","position":2,"name":"Pol\u00edtica de cookies"}]},{"@type":"WebSite","@id":"https:\/\/artforlife.es\/es\/#website","url":"https:\/\/artforlife.es\/es\/","name":"Art for life!","description":"Consultor\u00eda creativa y formaci\u00f3n","publisher":{"@id":"https:\/\/artforlife.es\/es\/#organization"},"potentialAction":[{"@type":"SearchAction","target":{"@type":"EntryPoint","urlTemplate":"https:\/\/artforlife.es\/es\/?s={search_term_string}"},"query-input":{"@type":"PropertyValueSpecification","valueRequired":true,"valueName":"search_term_string"}}],"inLanguage":"eu"},{"@type":"Organization","@id":"https:\/\/artforlife.es\/es\/#organization","name":"Art for Life","url":"https:\/\/artforlife.es\/es\/","logo":{"@type":"ImageObject","inLanguage":"eu","@id":"https:\/\/artforlife.es\/es\/#\/schema\/logo\/image\/","url":"https:\/\/artforlife.es\/wp-content\/uploads\/2021\/04\/cropped-A.png","contentUrl":"https:\/\/artforlife.es\/wp-content\/uploads\/2021\/04\/cropped-A.png","width":512,"height":512,"caption":"Art for Life!"},"image":{"@id":"https:\/\/artforlife.es\/es\/#\/schema\/logo\/image\/"},"sameAs":["https:\/\/x.com\/mirenlauzirika","https:\/\/www.instagram.com\/miren_lauzirika\/","https:\/\/www.linkedin.com\/in\/mirenlauzirika\/"]}]}},"_links":{"self":[{"href":"https:\/\/artforlife.es\/eu\/wp-json\/wp\/v2\/pages\/1265","targetHints":{"allow":["GET"]}}],"collection":[{"href":"https:\/\/artforlife.es\/eu\/wp-json\/wp\/v2\/pages"}],"about":[{"href":"https:\/\/artforlife.es\/eu\/wp-json\/wp\/v2\/types\/page"}],"author":[{"embeddable":true,"href":"https:\/\/artforlife.es\/eu\/wp-json\/wp\/v2\/users\/1"}],"replies":[{"embeddable":true,"href":"https:\/\/artforlife.es\/eu\/wp-json\/wp\/v2\/comments?post=1265"}],"version-history":[{"count":3,"href":"https:\/\/artforlife.es\/eu\/wp-json\/wp\/v2\/pages\/1265\/revisions"}],"predecessor-version":[{"id":1393,"href":"https:\/\/artforlife.es\/eu\/wp-json\/wp\/v2\/pages\/1265\/revisions\/1393"}],"wp:attachment":[{"href":"https:\/\/artforlife.es\/eu\/wp-json\/wp\/v2\/media?parent=1265"}],"curies":[{"name":"wp","href":"https:\/\/api.w.org\/{rel}","templated":true}]}}