{"id":217,"date":"2021-03-25T14:17:18","date_gmt":"2021-03-25T14:17:18","guid":{"rendered":"https:\/\/artforlife.es\/?page_id=217"},"modified":"2025-02-26T07:27:23","modified_gmt":"2025-02-26T07:27:23","slug":"partaidetza-metodologiak","status":"publish","type":"page","link":"https:\/\/artforlife.es\/eu\/partaidetza-metodologiak\/","title":{"rendered":"Onurak"},"content":{"rendered":"<div class=\"vc_row wpb_row vc_row-fluid\"><div class=\"caja wpb_column vc_column_container vc_col-sm-12 vc_col-lg-12\"><div class=\"vc_column-inner\"><div class=\"wpb_wrapper\">\n\t<div class=\"wpb_text_column wpb_content_element\" >\n\t\t<div class=\"wpb_wrapper\">\n\t\t\t<h2><strong>METODOLOGIA<\/strong><\/h2>\n\n\t\t<\/div>\n\t<\/div>\n\n\t<div  class=\"wpb_single_image wpb_content_element vc_align_left   mancha_titulo\">\n\t\t\n\t\t<figure class=\"wpb_wrapper vc_figure\">\n\t\t\t<div class=\"vc_single_image-wrapper   vc_box_border_grey\"><img decoding=\"async\" width=\"326\" height=\"60\" data-src=\"https:\/\/artforlife.es\/wp-content\/uploads\/2021\/03\/mancha_azul3.jpg\" class=\"vc_single_image-img attachment-full lazyload\" alt=\"\" data-srcset=\"https:\/\/artforlife.es\/wp-content\/uploads\/2021\/03\/mancha_azul3.jpg 326w, https:\/\/artforlife.es\/wp-content\/uploads\/2021\/03\/mancha_azul3-300x55.jpg 300w, https:\/\/artforlife.es\/wp-content\/uploads\/2021\/03\/mancha_azul3-16x3.jpg 16w\" data-sizes=\"(max-width: 326px) 100vw, 326px\" src=\"data:image\/svg+xml;base64,PHN2ZyB3aWR0aD0iMSIgaGVpZ2h0PSIxIiB4bWxucz0iaHR0cDovL3d3dy53My5vcmcvMjAwMC9zdmciPjwvc3ZnPg==\" style=\"--smush-placeholder-width: 326px; --smush-placeholder-aspect-ratio: 326\/60;\" \/><\/div>\n\t\t<\/figure>\n\t<\/div>\n\n\t<div class=\"wpb_text_column wpb_content_element\" >\n\t\t<div class=\"wpb_wrapper\">\n\t\t\t<h1>Zer ekarpen egiten dute parte hartzeko metodologiek?<\/h1>\n\n\t\t<\/div>\n\t<\/div>\n<\/div><\/div><\/div><\/div><div class=\"vc_row wpb_row vc_row-fluid pordebajo\"><div class=\"wpb_column vc_column_container vc_col-sm-7 vc_col-lg-5 vc_col-md-5\"><div class=\"vc_column-inner\"><div class=\"wpb_wrapper\">\n\t<div class=\"wpb_text_column wpb_content_element\" >\n\t\t<div class=\"wpb_wrapper\">\n\t\t\t<p class=\"translation-block\">Erakundeetan partaidetza-metodologiak erabiltzeak sormen-ahalmena eta erabakitzeko gaitasuna areagotzen ditu, <strong>pentsamendu sortzaile eta arrazoizkoak batzen<\/strong> dituelako.<\/p>\n<p class=\"translation-block\"><strong>Denbora ahalik eta gehien aprobetxatu: <\/strong>metodologia mota hauekin, taldeak aurrera pausoak erraz ematen ditu.<strong> Motibazioa eta ikaskuntza <\/strong>esanguratsua pizten ditu.<\/p>\n<p class=\"translation-block\">Jendeari dakiena ematen dio. Funtsezko galderen bidez, taldeak \u201cez dakigu zer ez dakigun\u201d azaleratzen du, <strong>garapenerako funtsezko jabetzea dena, <\/strong>alegia.<\/p>\n<p>Esperientzia desberdinak eta informazioa trukatzeko testuingurua sortzen da: <strong>ezagutza partekatze sakona.<\/strong> de experiencias e informaci\u00f3n: conocimiento compartido y profundo.<\/p>\n<p class=\"translation-block\">Eta horrek, aldi berean, beste onura bat dakar. Lan-jarduera hauek pertsonen arteko <strong>harremanak eratzen eta finkatzen<\/strong> ditu: Sormen eta arrazoi pentsamenduak uztartzera bideratuta daudenez, horrek <strong>konplizitatea eta inplikazioa <\/strong>sortzen ditu. Izan ere, gai garrantzitsuetan modu atseginean ematen dira urratsak, eta elkarri entzutea ahalbidetzen da.<\/p>\n\n\t\t<\/div>\n\t<\/div>\n<\/div><\/div><\/div><div class=\"top_veinte wpb_column vc_column_container vc_col-sm-4 vc_col-lg-offset-1 vc_col-lg-5 vc_col-md-offset-1 vc_col-md-5 vc_col-sm-offset-1\"><div class=\"vc_column-inner\"><div class=\"wpb_wrapper\"><figure class=\"caja\"><img decoding=\"async\" data-src=\"https:\/\/artforlife.es\/wp-content\/uploads\/2021\/04\/016_Art-for-life-Miren-Lauzirika-metodologias-participativas.jpg\" alt=\"\" src=\"data:image\/svg+xml;base64,PHN2ZyB3aWR0aD0iMSIgaGVpZ2h0PSIxIiB4bWxucz0iaHR0cDovL3d3dy53My5vcmcvMjAwMC9zdmciPjwvc3ZnPg==\" class=\"lazyload\" style=\"--smush-placeholder-width: 1080px; --smush-placeholder-aspect-ratio: 1080\/1080;\" \/><figcaption><\/figcaption><\/figure>\n\t<div class=\"wpb_text_column wpb_content_element  contacto herramientas_contacto\" >\n\t\t<div class=\"wpb_wrapper\">\n\t\t\t<h2 style=\"text-align: center;\">Art for Life<br \/>\nKontaktatu<\/h2>\n\n\t\t<\/div>\n\t<\/div>\n\n\t<div class=\"wpb_raw_code wpb_content_element wpb_raw_html beneficios_dibujo_uno\" >\n\t\t<div class=\"wpb_wrapper\">\n\t\t\t<svg  viewbox=\"0 0 500 150\">\n  <path stroke-linecap=\"round\" stroke-linejoin=\"round\" class=\"st0\" d=\"M373.08,34.63a1008.61,1008.61,0,0,0-174.93-15.2c-56.52,0-115,5.37-164.59,32.47C17.67,60.59,1,76.26,5.74,93.75c4.3,15.88,23.25,22,39.41,25.06a994.77,994.77,0,0,0,294.61,12c34.69-3.77,69.51-9.46,101.89-22.46,17.57-7,35.13-17,44.65-33.37,4.27-7.35,6.72-16.19,4.62-24.43-4.68-18.35-27.41-24.22-46.22-26.43A1576,1576,0,0,0,161,16.52\"\/>\n<\/svg>\n\t\t<\/div>\n\t<\/div>\n<\/div><\/div><\/div><\/div><div class=\"vc_row wpb_row vc_row-fluid tres_columnas svg_bene_uno\"><div class=\"sin_padding caja_img wpb_column vc_column_container vc_col-sm-4 vc_col-lg-4 vc_hidden-xs\"><div class=\"vc_column-inner\"><div class=\"wpb_wrapper\"><figure class=\"\"><img decoding=\"async\" data-src=\"https:\/\/artforlife.es\/wp-content\/uploads\/2021\/04\/017-Art-for-life-Miren-Lauzirika-metodologias-participativas-ambiente-cohesion-.jpg\" alt=\"\" src=\"data:image\/svg+xml;base64,PHN2ZyB3aWR0aD0iMSIgaGVpZ2h0PSIxIiB4bWxucz0iaHR0cDovL3d3dy53My5vcmcvMjAwMC9zdmciPjwvc3ZnPg==\" class=\"lazyload\" style=\"--smush-placeholder-width: 904px; --smush-placeholder-aspect-ratio: 904\/791;\" \/><figcaption><\/figcaption><\/figure><\/div><\/div><\/div><div class=\"sin_padding caja_img wpb_column vc_column_container vc_col-sm-4\"><div class=\"vc_column-inner\"><div class=\"wpb_wrapper\"><figure class=\"\"><img decoding=\"async\" data-src=\"https:\/\/artforlife.es\/wp-content\/uploads\/2021\/04\/017-Art-for-life-Miren-Lauzirika-metodologias-participativas-ambiente-cohesion-b2.jpg\" alt=\"\" src=\"data:image\/svg+xml;base64,PHN2ZyB3aWR0aD0iMSIgaGVpZ2h0PSIxIiB4bWxucz0iaHR0cDovL3d3dy53My5vcmcvMjAwMC9zdmciPjwvc3ZnPg==\" class=\"lazyload\" style=\"--smush-placeholder-width: 903px; --smush-placeholder-aspect-ratio: 903\/791;\" \/><figcaption><\/figcaption><\/figure><\/div><\/div><\/div><div class=\"sin_padding caja_img wpb_column vc_column_container vc_col-sm-4\"><div class=\"vc_column-inner\"><div class=\"wpb_wrapper\"><figure class=\"\"><img decoding=\"async\" data-src=\"https:\/\/artforlife.es\/wp-content\/uploads\/2025\/02\/018Art-for-life-Miren-Lauzirika-metodologias-participativas-talento.jpg\" alt=\"\" src=\"data:image\/svg+xml;base64,PHN2ZyB3aWR0aD0iMSIgaGVpZ2h0PSIxIiB4bWxucz0iaHR0cDovL3d3dy53My5vcmcvMjAwMC9zdmciPjwvc3ZnPg==\" class=\"lazyload\" style=\"--smush-placeholder-width: 903px; --smush-placeholder-aspect-ratio: 903\/791;\" \/><figcaption><\/figcaption><\/figure><\/div><\/div><\/div><\/div><div class=\"vc_row wpb_row vc_row-fluid vc_row-o-content-middle vc_row-flex\"><div class=\"wpb_column vc_column_container vc_col-sm-3 vc_col-lg-offset-0 vc_col-lg-3\"><div class=\"vc_column-inner\"><div class=\"wpb_wrapper\">\n\t<div class=\"wpb_text_column wpb_content_element\" >\n\t\t<div class=\"wpb_wrapper\">\n\t\t\t<h2><strong>Bai \"Zer\" eta bai \"Nola\" garrantzitsuak baitira.<\/strong><\/h2>\n\n\t\t<\/div>\n\t<\/div>\n\n\t<div class=\"wpb_raw_code wpb_content_element wpb_raw_html beneficios_dibujo_dos\" >\n\t\t<div class=\"wpb_wrapper\">\n\t\t\t<svg  viewbox=\"0 0 170 15\">\n  <path stroke-linecap=\"round\" stroke-linejoin=\"round\" class=\"st0\" d=\"M3.28,8.45C57.71,6.29,112.53,6.74,166.81,9.78\"\/>\n<\/svg>\n\t\t<\/div>\n\t<\/div>\n<\/div><\/div><\/div><div class=\"wpb_column vc_column_container vc_col-sm-8 vc_col-lg-offset-1 vc_col-lg-8\"><div class=\"vc_column-inner\"><div class=\"wpb_wrapper\">\n\t<div class=\"wpb_text_column wpb_content_element\" >\n\t\t<div class=\"wpb_wrapper\">\n\t\t\t<p class=\"translation-block\">Art for Lifek <a href=\"https:\/\/artforlife.es\/eu\/ekitaldiak-jardunaldiak\/\" target=\"_self\">emandako saioetan<\/a>, giro eraginkorra eta aldi berean inspiratzailea den mikroklima sortzen da<\/p>\n<p>Jakin ezazu zein diren zure erakundean metodologia parte-hartzaileekin lan egitearen onurak:<\/p>\n\n\t\t<\/div>\n\t<\/div>\n<\/div><\/div><\/div><\/div><div class=\"vc_row wpb_row vc_row-fluid ben_parti vc_row-o-equal-height vc_row-flex\"><div class=\"ben_parti_uno caja wpb_column vc_column_container vc_col-sm-12\"><div class=\"vc_column-inner\"><div class=\"wpb_wrapper\">\n\t<div class=\"wpb_text_column wpb_content_element\" >\n\t\t<div class=\"wpb_wrapper\">\n\t\t\t<h2 style=\"text-align: center;\">Lor itzazu partaidetza-metodologien onurak<\/h2>\n\n\t\t<\/div>\n\t<\/div>\n\n\t<div  class=\"wpb_single_image wpb_content_element vc_align_right   mancha_bene\">\n\t\t\n\t\t<figure class=\"wpb_wrapper vc_figure\">\n\t\t\t<div class=\"vc_single_image-wrapper   vc_box_border_grey\"><img decoding=\"async\" width=\"652\" height=\"208\" data-src=\"https:\/\/artforlife.es\/wp-content\/uploads\/2021\/04\/mancha_pegote_2.png\" class=\"vc_single_image-img attachment-full lazyload\" alt=\"\" data-srcset=\"https:\/\/artforlife.es\/wp-content\/uploads\/2021\/04\/mancha_pegote_2.png 652w, https:\/\/artforlife.es\/wp-content\/uploads\/2021\/04\/mancha_pegote_2-300x96.png 300w, https:\/\/artforlife.es\/wp-content\/uploads\/2021\/04\/mancha_pegote_2-16x5.png 16w\" data-sizes=\"(max-width: 652px) 100vw, 652px\" src=\"data:image\/svg+xml;base64,PHN2ZyB3aWR0aD0iMSIgaGVpZ2h0PSIxIiB4bWxucz0iaHR0cDovL3d3dy53My5vcmcvMjAwMC9zdmciPjwvc3ZnPg==\" style=\"--smush-placeholder-width: 652px; --smush-placeholder-aspect-ratio: 652\/208;\" \/><\/div>\n\t\t<\/figure>\n\t<\/div>\n<\/div><\/div><\/div><div class=\"ben_parti_dos caja wpb_column vc_column_container vc_col-sm-3 vc_col-lg-3\"><div class=\"vc_column-inner\"><div class=\"wpb_wrapper\">\n\t<div class=\"wpb_text_column wpb_content_element\" >\n\t\t<div class=\"wpb_wrapper\">\n\t\t\t<h2 style=\"text-align: left;\"><strong>Lan-giro jatorra sortzen du<\/strong><\/h2>\n\n\t\t<\/div>\n\t<\/div>\n\n\t<div class=\"wpb_text_column wpb_content_element\" >\n\t\t<div class=\"wpb_wrapper\">\n\t\t\t<p class=\"translation-block\">Gehiegizko iritzi kritikorik gabeko gunea sortzean, aldea nabaritzen da. Art for Lifek <strong>\"tentsio positiboarekin\"<\/strong> lan egiten du, eta horri esker urrats esanguratsuak eman daitezke denbora mugatu batean.<\/p>\n\n\t\t<\/div>\n\t<\/div>\n<\/div><\/div><\/div><div class=\"ben_parti_dos caja wpb_column vc_column_container vc_col-sm-3 vc_col-lg-3\"><div class=\"vc_column-inner\"><div class=\"wpb_wrapper\">\n\t<div class=\"wpb_text_column wpb_content_element\" >\n\t\t<div class=\"wpb_wrapper\">\n\t\t\t<h2 style=\"text-align: left;\"><strong>Pertsonen arteko kohesioa bultzatzen du<\/strong><\/h2>\n\n\t\t<\/div>\n\t<\/div>\n\n\t<div class=\"wpb_text_column wpb_content_element\" >\n\t\t<div class=\"wpb_wrapper\">\n\t\t\t<p class=\"translation-block\">Parte-hartzaile bakoitzak ikuspegi desberdina du, motibazio eta behar zehatz batzuk. Ikuspegi ezberdin horiek eroso sentitzen direnean, <strong>taldeak batuago sakontzen du gaian eta agertoki berriak aurkitzen ditu.<\/strong><\/p>\n\n\t\t<\/div>\n\t<\/div>\n<\/div><\/div><\/div><div class=\"ben_parti_tres caja wpb_column vc_column_container vc_col-sm-3 vc_col-lg-3\"><div class=\"vc_column-inner\"><div class=\"wpb_wrapper\">\n\t<div class=\"wpb_text_column wpb_content_element\" >\n\t\t<div class=\"wpb_wrapper\">\n\t\t\t<h2 style=\"text-align: left;\"><strong>Banakoaren doaiak piztu<\/strong><\/h2>\n\n\t\t<\/div>\n\t<\/div>\n\n\t<div class=\"wpb_text_column wpb_content_element\" >\n\t\t<div class=\"wpb_wrapper\">\n\t\t\t<p class=\"translation-block\">Jarduera hauen helburua jabetzea, ohartzea da. <a href=\"https:\/\/artforlife.es\/eu\/sormen-aholkularitza\/\" target=\"_self\"> Banakako<\/a>  <a href=\"https:\/\/artforlife.es\/eu\/sormen-aholkularitza\/\" target=\"_self\">eta taldeko<\/a>  <a href=\"https:\/\/artforlife.es\/eu\/sormen-aholkularitza\/\" target=\"_self\">gogoetak azaleratzen dira.<\/a>  EGOsistematik EKOsistemara pasatzen da lantaldea.<\/p>\n\n\t\t<\/div>\n\t<\/div>\n<\/div><\/div><\/div><div class=\"ben_parti_cinco caja wpb_column vc_column_container vc_col-sm-3 vc_col-lg-3\"><div class=\"vc_column-inner\"><div class=\"wpb_wrapper\">\n\t<div class=\"wpb_text_column wpb_content_element\" >\n\t\t<div class=\"wpb_wrapper\">\n\t\t\t<h2 style=\"text-align: left;\"><strong>Pentsamoldean aurrera pausoak<\/strong><\/h2>\n\n\t\t<\/div>\n\t<\/div>\n\n\t<div class=\"wpb_text_column wpb_content_element\" >\n\t\t<div class=\"wpb_wrapper\">\n\t\t\t<p class=\"translation-block\">Parte hartzeko<strong> <a href=\"https:\/\/artforlife.es\/eu\/partaidetza-metodologiak-eta-sortzaileak\/\" target=\"_self\"> metodologiak pertsonentzat <\/a><\/strong> benetan garrantzitsua den horretara bideratzen dira.<\/p>\n\n\t\t<\/div>\n\t<\/div>\n<\/div><\/div><\/div><\/div><div class=\"vc_row wpb_row vc_row-fluid\"><div class=\"caja_img margen_movil wpb_column vc_column_container vc_col-sm-6 vc_col-lg-6\"><div class=\"vc_column-inner\"><div class=\"wpb_wrapper\"><figure class=\"\"><img decoding=\"async\" data-src=\"https:\/\/artforlife.es\/wp-content\/uploads\/2021\/04\/019-Art-for-life-Miren-Lauzirika-metodologias-participativas-resultados.jpg\" alt=\"\" src=\"data:image\/svg+xml;base64,PHN2ZyB3aWR0aD0iMSIgaGVpZ2h0PSIxIiB4bWxucz0iaHR0cDovL3d3dy53My5vcmcvMjAwMC9zdmciPjwvc3ZnPg==\" class=\"lazyload\" style=\"--smush-placeholder-width: 1446px; --smush-placeholder-aspect-ratio: 1446\/1080;\" \/><figcaption><\/figcaption><\/figure><\/div><\/div><\/div><div class=\"wpb_column vc_column_container vc_col-sm-5 vc_col-lg-offset-1 vc_col-lg-4 vc_col-md-offset-1 vc_col-md-4 vc_col-sm-offset-1\"><div class=\"vc_column-inner\"><div class=\"wpb_wrapper\">\n\t<div class=\"wpb_text_column wpb_content_element  margen_movil\" >\n\t\t<div class=\"wpb_wrapper\">\n\t\t\t<p class=\"translation-block\">Art for Lifek, zuk bezala,  <strong>sormenaren ikuspegi praktikoa<\/strong> du:<\/p>\n<p class=\"translation-block\">Taldearen ideiak gutxi definituta daudenean, <strong>ideia zehatzagoak lortzeko<\/strong> beharrezko tresna guztiak erabiltzen ditu.<\/p>\n<p class=\"translation-block\">Prozesuan zehar giroa betiko pentsamoldeari lotuta badago, dinamiken bitartez taldearen <\/strong>irudimena lantzen<\/strong> da.<\/p>\n\n\t\t<\/div>\n\t<\/div>\n\n\t<div class=\"wpb_text_column wpb_content_element\" >\n\t\t<div class=\"wpb_wrapper\">\n\t\t\t<h2><strong>\u00a0Gehiago jakin nahi?<\/strong><\/h2>\n\n\t\t<\/div>\n\t<\/div>\n\n\t<div class=\"wpb_text_column wpb_content_element  contacto\" >\n\t\t<div class=\"wpb_wrapper\">\n\t\t\t<h2>\u00a0Jarri harremanetan<\/h2>\n\n\t\t<\/div>\n\t<\/div>\n\n\t<div class=\"wpb_raw_code wpb_content_element wpb_raw_html beneficios_dibujo_tres\" >\n\t\t<div class=\"wpb_wrapper\">\n\t\t\t<svg  viewbox=\"0 0 500 150\">\n  <path stroke-linecap=\"round\" stroke-linejoin=\"round\" class=\"st0\" d=\"M373.08,34.63a1008.61,1008.61,0,0,0-174.93-15.2c-56.52,0-115,5.37-164.59,32.47C17.67,60.59,1,76.26,5.74,93.75c4.3,15.88,23.25,22,39.41,25.06a994.77,994.77,0,0,0,294.61,12c34.69-3.77,69.51-9.46,101.89-22.46,17.57-7,35.13-17,44.65-33.37,4.27-7.35,6.72-16.19,4.62-24.43-4.68-18.35-27.41-24.22-46.22-26.43A1576,1576,0,0,0,161,16.52\"\/>\n<\/svg>\n\t\t<\/div>\n\t<\/div>\n<\/div><\/div><\/div><\/div><div class=\"vc_row wpb_row vc_row-fluid svg_bene_tres\"><div class=\"wpb_column vc_column_container vc_col-sm-12 vc_col-sm-offset-0 vc_col-xs-12\"><div class=\"vc_column-inner\"><div class=\"wpb_wrapper\">\n\t<div class=\"wpb_text_column wpb_content_element\" >\n\t\t<div class=\"wpb_wrapper\">\n\t\t\t<h2 style=\"text-align: center;\" class=\"translation-block\">Ikusi gehiago Art for Life-n <span class=\"br_descubre\"><br>\n<\/span>egiteko erari buruz<\/h2>\n\n\t\t<\/div>\n\t<\/div>\n<\/div><\/div><\/div><div class=\"descubre metodologia wpb_column vc_column_container vc_col-sm-4 vc_col-lg-4 vc_col-xs-12\"><div class=\"vc_column-inner\"><div class=\"wpb_wrapper\">\n\t<div class=\"wpb_text_column wpb_content_element  translation-block\" >\n\t\t<div class=\"wpb_wrapper\">\n\t\t\t<h2 style=\"text-align: center\"><a href=\"https:\/\/artforlife.es\/eu\/partaidetza-metodologiak-eta-sortzaileak\/\"><strong>Metodologia partehartzaileak<\/strong><\/a><\/h2>\n\n\t\t<\/div>\n\t<\/div>\n<\/div><\/div><\/div><div class=\"descubre metodologia wpb_column vc_column_container vc_col-sm-4 vc_col-lg-4 vc_col-xs-12\"><div class=\"vc_column-inner\"><div class=\"wpb_wrapper\">\n\t<div class=\"wpb_text_column wpb_content_element  translation-block\" >\n\t\t<div class=\"wpb_wrapper\">\n\t\t\t<h2 style=\"text-align: center\"><a href=\"https:\/\/artforlife.es\/eu\/sormena-garatzeko-metodologia-tresnak\/\"><strong>Tresnak<\/strong><\/a><\/h2>\n\n\t\t<\/div>\n\t<\/div>\n<\/div><\/div><\/div><div class=\"descubre sobre wpb_column vc_column_container vc_col-sm-4 vc_col-lg-4 vc_col-xs-12\"><div class=\"vc_column-inner\"><div class=\"wpb_wrapper\">\n\t<div class=\"wpb_text_column wpb_content_element  translation-block\" >\n\t\t<div class=\"wpb_wrapper\">\n\t\t\t<h2 style=\"text-align: center\"><a href=\"https:\/\/artforlife.es\/eu\/miren-lauzirika-art-for-life\/\"><strong>Art for Life<\/strong><\/a><\/h2>\n\n\t\t<\/div>\n\t<\/div>\n<\/div><\/div><\/div><\/div>","protected":false},"excerpt":{"rendered":"METODOLOG\u00cdA \u00bfQu\u00e9 aportan las metodolog\u00edas participativas? Utilizar metodolog\u00edas participativas en las organizaciones dispara el potencial creativo y la capacidad de decidir porque unen lo creativo con lo racional. Perm\u00edtete aprovechar el tiempo al m\u00e1ximo: Con estas metodolog\u00edas, el grupo avanza mientras despierta la motivaci\u00f3n y el aprendizaje significativo. Da pie a que la gente aporte [...]","protected":false},"author":1,"featured_media":0,"parent":0,"menu_order":0,"comment_status":"closed","ping_status":"closed","template":"","meta":{"footnotes":""},"class_list":["post-217","page","type-page","status-publish","hentry"],"yoast_head":"<!-- This site is optimized with the Yoast SEO plugin v27.4 - https:\/\/yoast.com\/product\/yoast-seo-wordpress\/ -->\n<title>Qu\u00e9 aportan las metodolog\u00edas participativas - Art for life!<\/title>\n<meta name=\"description\" content=\"Descubre cu\u00e1les son los beneficios que aportan las metodolog\u00edas participativas a las organizaciones. Contacta con Art for Life y ponlas en pr\u00e1ctica.\" \/>\n<meta name=\"robots\" content=\"index, follow, max-snippet:-1, max-image-preview:large, max-video-preview:-1\" \/>\n<link rel=\"canonical\" href=\"https:\/\/artforlife.es\/eu\/partaidetza-metodologiak\/\" \/>\n<meta property=\"og:locale\" content=\"en_US\" \/>\n<meta property=\"og:type\" content=\"article\" \/>\n<meta property=\"og:title\" content=\"Qu\u00e9 aportan las metodolog\u00edas participativas - Art for life!\" \/>\n<meta property=\"og:description\" content=\"Descubre cu\u00e1les son los beneficios que aportan las metodolog\u00edas participativas a las organizaciones. Contacta con Art for Life y ponlas en pr\u00e1ctica.\" \/>\n<meta property=\"og:url\" content=\"https:\/\/artforlife.es\/eu\/partaidetza-metodologiak\/\" \/>\n<meta property=\"og:site_name\" content=\"Art for life!\" \/>\n<meta property=\"article:modified_time\" content=\"2025-02-26T07:27:23+00:00\" \/>\n<meta name=\"twitter:card\" content=\"summary_large_image\" \/>\n<meta name=\"twitter:site\" content=\"@mirenlauzirika\" \/>\n<meta name=\"twitter:label1\" content=\"Est. reading time\" \/>\n\t<meta name=\"twitter:data1\" content=\"3 minutua\" \/>\n<script type=\"application\/ld+json\" class=\"yoast-schema-graph\">{\"@context\":\"https:\\\/\\\/schema.org\",\"@graph\":[{\"@type\":\"WebPage\",\"@id\":\"https:\\\/\\\/artforlife.es\\\/beneficios-de-las-metodologias-participativas\\\/\",\"url\":\"https:\\\/\\\/artforlife.es\\\/beneficios-de-las-metodologias-participativas\\\/\",\"name\":\"Qu\u00e9 aportan las metodolog\u00edas participativas - Art for life!\",\"isPartOf\":{\"@id\":\"https:\\\/\\\/artforlife.es\\\/es\\\/#website\"},\"datePublished\":\"2021-03-25T14:17:18+00:00\",\"dateModified\":\"2025-02-26T07:27:23+00:00\",\"description\":\"Descubre cu\u00e1les son los beneficios que aportan las metodolog\u00edas participativas a las organizaciones. Contacta con Art for Life y ponlas en pr\u00e1ctica.\",\"breadcrumb\":{\"@id\":\"https:\\\/\\\/artforlife.es\\\/beneficios-de-las-metodologias-participativas\\\/#breadcrumb\"},\"inLanguage\":\"eu\",\"potentialAction\":[{\"@type\":\"ReadAction\",\"target\":[\"https:\\\/\\\/artforlife.es\\\/beneficios-de-las-metodologias-participativas\\\/\"]}]},{\"@type\":\"BreadcrumbList\",\"@id\":\"https:\\\/\\\/artforlife.es\\\/beneficios-de-las-metodologias-participativas\\\/#breadcrumb\",\"itemListElement\":[{\"@type\":\"ListItem\",\"position\":1,\"name\":\"Portada\",\"item\":\"https:\\\/\\\/artforlife.es\\\/\"},{\"@type\":\"ListItem\",\"position\":2,\"name\":\"Beneficios\"}]},{\"@type\":\"WebSite\",\"@id\":\"https:\\\/\\\/artforlife.es\\\/es\\\/#website\",\"url\":\"https:\\\/\\\/artforlife.es\\\/es\\\/\",\"name\":\"Art for life!\",\"description\":\"Consultor\u00eda creativa y formaci\u00f3n\",\"publisher\":{\"@id\":\"https:\\\/\\\/artforlife.es\\\/es\\\/#organization\"},\"potentialAction\":[{\"@type\":\"SearchAction\",\"target\":{\"@type\":\"EntryPoint\",\"urlTemplate\":\"https:\\\/\\\/artforlife.es\\\/es\\\/?s={search_term_string}\"},\"query-input\":{\"@type\":\"PropertyValueSpecification\",\"valueRequired\":true,\"valueName\":\"search_term_string\"}}],\"inLanguage\":\"eu\"},{\"@type\":\"Organization\",\"@id\":\"https:\\\/\\\/artforlife.es\\\/es\\\/#organization\",\"name\":\"Art for Life!\",\"url\":\"https:\\\/\\\/artforlife.es\\\/es\\\/\",\"logo\":{\"@type\":\"ImageObject\",\"inLanguage\":\"eu\",\"@id\":\"https:\\\/\\\/artforlife.es\\\/es\\\/#\\\/schema\\\/logo\\\/image\\\/\",\"url\":\"https:\\\/\\\/artforlife.es\\\/wp-content\\\/uploads\\\/2021\\\/04\\\/cropped-A.png\",\"contentUrl\":\"https:\\\/\\\/artforlife.es\\\/wp-content\\\/uploads\\\/2021\\\/04\\\/cropped-A.png\",\"width\":512,\"height\":512,\"caption\":\"Art for Life!\"},\"image\":{\"@id\":\"https:\\\/\\\/artforlife.es\\\/es\\\/#\\\/schema\\\/logo\\\/image\\\/\"},\"sameAs\":[\"https:\\\/\\\/x.com\\\/mirenlauzirika\",\"https:\\\/\\\/www.instagram.com\\\/miren_lauzirika\\\/\",\"https:\\\/\\\/www.linkedin.com\\\/in\\\/mirenlauzirika\\\/\"]}]}<\/script>\n<!-- \/ Yoast SEO plugin. -->","yoast_head_json":{"title":"Zer ekarpen egiten dute parte hartzeko metodologiek? - Art for life!","description":"Jakin ezazu erakundeei zer onura dakarzkien parte hartzeko metodologiek. Jarri harremanetan Art for Life-rekin eta jarri praktikan.","robots":{"index":"index","follow":"follow","max-snippet":"max-snippet:-1","max-image-preview":"max-image-preview:large","max-video-preview":"max-video-preview:-1"},"canonical":"https:\/\/artforlife.es\/eu\/partaidetza-metodologiak\/","og_locale":"en_US","og_type":"article","og_title":"Qu\u00e9 aportan las metodolog\u00edas participativas - Art for life!","og_description":"Descubre cu\u00e1les son los beneficios que aportan las metodolog\u00edas participativas a las organizaciones. Contacta con Art for Life y ponlas en pr\u00e1ctica.","og_url":"https:\/\/artforlife.es\/eu\/partaidetza-metodologiak\/","og_site_name":"Art for life!","article_modified_time":"2025-02-26T07:27:23+00:00","twitter_card":"summary_large_image","twitter_site":"@mirenlauzirika","twitter_misc":{"Est. reading time":"3 minutua"},"schema":{"@context":"https:\/\/schema.org","@graph":[{"@type":"WebPage","@id":"https:\/\/artforlife.es\/beneficios-de-las-metodologias-participativas\/","url":"https:\/\/artforlife.es\/beneficios-de-las-metodologias-participativas\/","name":"Zer ekarpen egiten dute parte hartzeko metodologiek? - Art for life!","isPartOf":{"@id":"https:\/\/artforlife.es\/es\/#website"},"datePublished":"2021-03-25T14:17:18+00:00","dateModified":"2025-02-26T07:27:23+00:00","description":"Jakin ezazu erakundeei zer onura dakarzkien parte hartzeko metodologiek. Jarri harremanetan Art for Life-rekin eta jarri praktikan.","breadcrumb":{"@id":"https:\/\/artforlife.es\/beneficios-de-las-metodologias-participativas\/#breadcrumb"},"inLanguage":"eu","potentialAction":[{"@type":"ReadAction","target":["https:\/\/artforlife.es\/beneficios-de-las-metodologias-participativas\/"]}]},{"@type":"BreadcrumbList","@id":"https:\/\/artforlife.es\/beneficios-de-las-metodologias-participativas\/#breadcrumb","itemListElement":[{"@type":"ListItem","position":1,"name":"Portada","item":"https:\/\/artforlife.es\/"},{"@type":"ListItem","position":2,"name":"Beneficios"}]},{"@type":"WebSite","@id":"https:\/\/artforlife.es\/es\/#website","url":"https:\/\/artforlife.es\/es\/","name":"Art for life!","description":"Consultor\u00eda creativa y formaci\u00f3n","publisher":{"@id":"https:\/\/artforlife.es\/es\/#organization"},"potentialAction":[{"@type":"SearchAction","target":{"@type":"EntryPoint","urlTemplate":"https:\/\/artforlife.es\/es\/?s={search_term_string}"},"query-input":{"@type":"PropertyValueSpecification","valueRequired":true,"valueName":"search_term_string"}}],"inLanguage":"eu"},{"@type":"Organization","@id":"https:\/\/artforlife.es\/es\/#organization","name":"Art for Life","url":"https:\/\/artforlife.es\/es\/","logo":{"@type":"ImageObject","inLanguage":"eu","@id":"https:\/\/artforlife.es\/es\/#\/schema\/logo\/image\/","url":"https:\/\/artforlife.es\/wp-content\/uploads\/2021\/04\/cropped-A.png","contentUrl":"https:\/\/artforlife.es\/wp-content\/uploads\/2021\/04\/cropped-A.png","width":512,"height":512,"caption":"Art for Life!"},"image":{"@id":"https:\/\/artforlife.es\/es\/#\/schema\/logo\/image\/"},"sameAs":["https:\/\/x.com\/mirenlauzirika","https:\/\/www.instagram.com\/miren_lauzirika\/","https:\/\/www.linkedin.com\/in\/mirenlauzirika\/"]}]}},"_links":{"self":[{"href":"https:\/\/artforlife.es\/eu\/wp-json\/wp\/v2\/pages\/217","targetHints":{"allow":["GET"]}}],"collection":[{"href":"https:\/\/artforlife.es\/eu\/wp-json\/wp\/v2\/pages"}],"about":[{"href":"https:\/\/artforlife.es\/eu\/wp-json\/wp\/v2\/types\/page"}],"author":[{"embeddable":true,"href":"https:\/\/artforlife.es\/eu\/wp-json\/wp\/v2\/users\/1"}],"replies":[{"embeddable":true,"href":"https:\/\/artforlife.es\/eu\/wp-json\/wp\/v2\/comments?post=217"}],"version-history":[{"count":68,"href":"https:\/\/artforlife.es\/eu\/wp-json\/wp\/v2\/pages\/217\/revisions"}],"predecessor-version":[{"id":1498,"href":"https:\/\/artforlife.es\/eu\/wp-json\/wp\/v2\/pages\/217\/revisions\/1498"}],"wp:attachment":[{"href":"https:\/\/artforlife.es\/eu\/wp-json\/wp\/v2\/media?parent=217"}],"curies":[{"name":"wp","href":"https:\/\/api.w.org\/{rel}","templated":true}]}}